{"id":1319,"date":"2024-08-21T10:11:03","date_gmt":"2024-08-21T08:11:03","guid":{"rendered":"https:\/\/www.grandperspective.de\/de\/?page_id=1319"},"modified":"2024-10-16T14:32:46","modified_gmt":"2024-10-16T12:32:46","slug":"preview","status":"publish","type":"page","link":"https:\/\/www.grandperspective.de\/de\/","title":{"rendered":"Wir geben Unternehmen umfassende Einblicke in ihre Emissionen und bieten gr\u00f6\u00dftm\u00f6gliche Transparenz f\u00fcr eine sichere und nachhaltige Zukunft."},"content":{"rendered":"\n<p>scanfeld\u00ae ist die Zukunft des Emissionsmanagements. Einige der erfolgreichsten Industrieunternehmen nutzen unsere Technologie bereits, um sich einen entscheidenden Vorteil zu verschaffen.<\/p>\n\n\n\n<p>Entdecken Sie, wie unsere innovative \u00dcberwachungsl\u00f6sung pr\u00e4zise Echtzeitdaten f\u00fcr ein intelligenteres und effektiveres Emissionsmanagement liefert.<\/p>\n\n\n\n            <\/div>\n        <\/div>\n    <\/div>\n<\/div>\n<div id=\"fullwidthphoto-block_b2766d0c3535313eca97c63646691dfb\" class=\"acf_blk_fullwidthphoto\">\n        <img loading=\"lazy\" decoding=\"async\" src=\"https:\/\/www.grandperspective.de\/de\/wp-content\/uploads\/sites\/2\/2024\/08\/Grandperspective_scanfeld-plant-installation_02-web.jpg\" alt=\"\" width=\"3543\" height=\"1385\" \/>\n    <\/div>\n<div class=\"bg white\">\n    <div class=\"container-fluid\">\n        <div class=\"row\">\n            <div class=\"col-12\">\n\n            <\/div>\n        <\/div>\n\n        <div id=\"headlinetext-block_7c5578c9dfc2a6c90811c5d97ad99051\" class=\"acf_blk_headlinetext left\">\n            <div class=\"row\">\n                                <div class=\"col-12 col-md-6 col-lg-5 order-1\">\n                                    <img loading=\"lazy\" decoding=\"async\" src=\"https:\/\/www.grandperspective.de\/de\/wp-content\/uploads\/sites\/2\/2024\/08\/grandperspective_scanfeld-plant-installation_h.jpg\" alt=\"\" width=\"1707\" height=\"2560\" \/>\n                <\/div>\n                                <div class=\"col-12 order-2 col-md-6 col-lg-7 order-md-2\">\n                                    <h3>Die automatische, fl\u00e4chendeckende \u00dcberwachung aller Emissionen<\/h3>\n                    <p>Unser scanfeld\u00ae-System bietet eine einzige L\u00f6sung f\u00fcr die vollautomatische \u00dcberwachung von Industrieemissionen an Standorten mit bis zu 10 km\u00b2 Fl\u00e4che. Dank der firmeneigenen Hochsicherheitssoftware, die von der weltweit gr\u00f6\u00dften Datenbank f\u00fcr Industrieemissionen unterst\u00fctzt wird, liefert scanfeld\u00ae beispiellose Transparenz und Kontrolle.<\/p>\n<p style=\"text-align: right\"><a href=\"https:\/\/www.grandperspective.de\/de\/vorteile\/\">mehr erfahren<\/a><\/p>\n                <\/div>\n            <\/div>\n        <\/div>\n\n        <div class=\"row\">\n            <div class=\"col-12\">\n\n\n<h1 class=\"wp-block-heading\">Warum wir neue L\u00f6sungen brauchen<\/h1>\n\n\n\n<p>Die am Markt erh\u00e4ltlichen, uneinheitliche Technologien f\u00fchren zu gro\u00dfen \u00dcberwachungsl\u00fccken in der Industrie. Eine typische Anlage hat Hunderttausend potenzielle Emissionsstellen und ist auf kostspielige, viertelj\u00e4hrliche manuelle Inspektionen angewiesen. Bestehende Technologien lassen viele Bereiche oft un\u00fcberwacht, was zu sehr ungenauen Emissionsberichten f\u00fchrt. Das Fehlen einer fl\u00e4chendeckenden, automatischen rund um die Uhr \u00dcberwachung versch\u00e4rft diese Probleme und unterstreicht den dringenden Bedarf an einer ganzheitlichen L\u00f6sung.<\/p>\n\n\n            <\/div>\n        <\/div>\n\n        <div id=\"headlinetext-block_01c4529202345d9ae275c5960ae2bdf4\" class=\"acf_blk_headlinetext right\">\n            <div class=\"row\">\n                                <div class=\"col-12 col-md-6 col-lg-5 order-1 order-md-2\">\n                                    <img loading=\"lazy\" decoding=\"async\" src=\"https:\/\/www.grandperspective.de\/de\/wp-content\/uploads\/sites\/2\/2024\/08\/Grandperspective_scanfeld-plant-installation_03-web-1.jpg\" alt=\"\" width=\"1772\" height=\"2362\" \/>\n                <\/div>\n                                <div class=\"col-12 order-2 col-md-6 col-lg-7 order-md-1\">\n                                    <h3>Erkennen, \u00fcberwachen und dokumentieren Sie Emissionen am gesamten Standort<\/h3>\n                    <p>scanfeld\u00ae erm\u00f6glicht ein ganzheitliches Emissionsmanagement, das mittels fr\u00fchzeitiger Warnungen daf\u00fcr sorgt, dass Sie die Situation richtig einsch\u00e4tzen und gef\u00e4hrliche Gasfreisetzungen eind\u00e4mmen k\u00f6nnen, um Unf\u00e4lle zu vermeiden. Die hochentwickelte Technologie mit nahtloser Systemintegration verhindert au\u00dferdem, dass Gase \u00fcber die Grenzen des eigenen Gel\u00e4ndes hinausgelangen. scanfeld\u00ae-Anwender erhalten pr\u00e4zise Echtzeit-Informationen um die richtigen Entscheidungen auf allen betrieblichen Ebenen treffen zu k\u00f6nnen und ein vorausschauendes Umweltmanagement zu gew\u00e4hrleisten.<\/p>\n                <\/div>\n            <\/div>\n        <\/div>\n\n        <div class=\"row\">\n            <div class=\"col-12\">\n\n\n<h1 class=\"wp-block-heading\">Erfassen, organisieren und nutzen Sie aussagekr\u00e4ftige Emissionsdaten<\/h1>\n\n\n\n<div class=\"wp-block-media-text is-stacked-on-mobile\" style=\"grid-template-columns:43% auto\"><figure class=\"wp-block-media-text__media\"><img loading=\"lazy\" decoding=\"async\" width=\"700\" height=\"487\" src=\"https:\/\/www.grandperspective.de\/de\/wp-content\/uploads\/sites\/2\/2024\/10\/Dashboard_Desktop-700x487.png\" alt=\"\" class=\"wp-image-1540 size-full\" srcset=\"https:\/\/www.grandperspective.de\/de\/wp-content\/uploads\/sites\/2\/2024\/10\/Dashboard_Desktop-700x487.png 700w, https:\/\/www.grandperspective.de\/de\/wp-content\/uploads\/sites\/2\/2024\/10\/Dashboard_Desktop-250x174.png 250w, https:\/\/www.grandperspective.de\/de\/wp-content\/uploads\/sites\/2\/2024\/10\/Dashboard_Desktop-768x534.png 768w, https:\/\/www.grandperspective.de\/de\/wp-content\/uploads\/sites\/2\/2024\/10\/Dashboard_Desktop-120x83.png 120w, https:\/\/www.grandperspective.de\/de\/wp-content\/uploads\/sites\/2\/2024\/10\/Dashboard_Desktop.png 1437w\" sizes=\"auto, (max-width: 700px) 100vw, 700px\" \/><\/figure><div class=\"wp-block-media-text__content\">\n<p>scanfeld\u00ae erstellt umfangreiche Emissionsdaten \u00fcber alle Produktionsprozesse hinweg. Die standortweite rund um die Uhr Messung aller Emissionen liefert sowohl Echtzeitdaten als auch historische Einblicke in die Betriebsabl\u00e4ufe auf einem noch nie erreichten Niveau. Intuitive Dashboards, detaillierte Auswertungen und die nahtlose Integration in bestehende IT- und Prozesssteuerungssysteme stellen sicher, dass scanfeld\u00ae Ihnen den gr\u00f6\u00dftm\u00f6glichen Mehrwert in den Bereichen Sicherheit, Prozessoptimierung und ESG bietet.<\/p>\n<\/div><\/div>\n\n\n\n<p><\/p>\n\n\n\n<h1 class=\"wp-block-heading\">Die Industrie befindet sich in einem Rennen zu Netto-Null, dennoch werden 69% aller Emissionen nicht \u00fcberwacht<\/h1>\n\n\n\n<p>Um den Klimawandel aufzuhalten, m\u00fcssen wir die Treibhausgasemissionen reduzieren. scanfeld\u00ae liefert Unternehmen einen klaren Leitfaden, um ihre Netto-Null-Emissionsziele zu erreichen. Wenn Sie Ihre Treibhausgasemissionen entlang der gesamten Wertsch\u00f6pfungskette genau messen, k\u00f6nnen Sie gezielte Ma\u00dfnahmen ergreifen, um die Emissionen zu verringern.<\/p>\n\n\n\n<ul class=\"wp-block-list\">\n<li>Messen und lokalisieren Sie g\u00e4ngige Treibhausgasemissionen wie Methan, Kohlendioxid und Distickstoffoxid.<\/li>\n\n\n\n<li>Stellen Sie sicher, dass Sie die gesetzlichen Vorschriften erf\u00fcllen.<\/li>\n\n\n\n<li>Erf\u00fcllen Sie Ihre Net-Zero- und ESG-Ziele mit Leichtigkeit.<\/li>\n<\/ul>\n\n\n\n<p class=\"has-text-align-right\"><a href=\"mailto:scanfeld@grandperspective.de\">Kontaktieren Sie uns, um mehr \u00fcber die Vorteile von scanfeld\u00ae zu erfahren<\/a><\/p>\n","protected":false},"excerpt":{"rendered":"scanfeld\u00ae ist die Zukunft des Emissionsmanagements. Einige der erfolgreichsten Industrieunternehmen nutzen unsere Technologie bereits, um sich einen entscheidenden Vorteil zu verschaffen. Entdecken Sie, wie unsere innovative \u00dcberwachungsl\u00f6sung pr\u00e4zise Echtzeitdaten f\u00fcr ein intelligenteres und effektiveres Emissionsmanagement liefert. Warum wir neue L\u00f6sungen brauchen Die am Markt erh\u00e4ltlichen, uneinheitliche Technologien f\u00fchren zu gro\u00dfen \u00dcberwachungsl\u00fccken in der Industrie. Eine&#8230; <a class=\"view-article\" href=\"https:\/\/www.grandperspective.de\/de\/\">View Article<\/a>","protected":false},"author":1,"featured_media":0,"parent":0,"menu_order":0,"comment_status":"closed","ping_status":"closed","template":"template-home.php","meta":{"_acf_changed":false,"content-type":"","inline_featured_image":false,"footnotes":""},"class_list":["post-1319","page","type-page","status-publish","hentry"],"acf":[],"yoast_head":"<!-- This site is optimized with the Yoast SEO plugin v27.4 - https:\/\/yoast.com\/product\/yoast-seo-wordpress\/ -->\n<title>Wir geben Unternehmen umfassende Einblicke in ihre Emissionen und bieten gr\u00f6\u00dftm\u00f6gliche Transparenz f\u00fcr eine sichere und nachhaltige Zukunft. &#8226; GRANDPERSPECTIVE DE<\/title>\n<meta name=\"robots\" content=\"index, follow, max-snippet:-1, max-image-preview:large, max-video-preview:-1\" \/>\n<link rel=\"canonical\" href=\"https:\/\/www.grandperspective.de\/de\/\" \/>\n<meta property=\"og:locale\" content=\"de_DE\" \/>\n<meta property=\"og:type\" content=\"article\" \/>\n<meta property=\"og:title\" content=\"Wir geben Unternehmen umfassende Einblicke in ihre Emissionen und bieten gr\u00f6\u00dftm\u00f6gliche Transparenz f\u00fcr eine sichere und nachhaltige Zukunft. &#8226; GRANDPERSPECTIVE DE\" \/>\n<meta property=\"og:description\" content=\"scanfeld\u00ae ist die Zukunft des Emissionsmanagements. Einige der erfolgreichsten Industrieunternehmen nutzen unsere Technologie bereits, um sich einen entscheidenden Vorteil zu verschaffen. Entdecken Sie, wie unsere innovative \u00dcberwachungsl\u00f6sung pr\u00e4zise Echtzeitdaten f\u00fcr ein intelligenteres und effektiveres Emissionsmanagement liefert. Warum wir neue L\u00f6sungen brauchen Die am Markt erh\u00e4ltlichen, uneinheitliche Technologien f\u00fchren zu gro\u00dfen \u00dcberwachungsl\u00fccken in der Industrie. Eine... View Article\" \/>\n<meta property=\"og:url\" content=\"https:\/\/www.grandperspective.de\/de\/\" \/>\n<meta property=\"og:site_name\" content=\"GRANDPERSPECTIVE DE\" \/>\n<meta property=\"article:modified_time\" content=\"2024-10-16T12:32:46+00:00\" \/>\n<meta property=\"og:image\" content=\"https:\/\/www.grandperspective.de\/de\/wp-content\/uploads\/sites\/2\/2024\/10\/Dashboard_Desktop-700x487.png\" \/>\n<meta name=\"twitter:card\" content=\"summary_large_image\" \/>\n<meta name=\"twitter:label1\" content=\"Gesch\u00e4tzte Lesezeit\" \/>\n\t<meta name=\"twitter:data1\" content=\"2\u00a0Minuten\" \/>\n<script type=\"application\/ld+json\" class=\"yoast-schema-graph\">{\"@context\":\"https:\\\/\\\/schema.org\",\"@graph\":[{\"@type\":\"WebPage\",\"@id\":\"https:\\\/\\\/www.grandperspective.de\\\/de\\\/\",\"url\":\"https:\\\/\\\/www.grandperspective.de\\\/de\\\/\",\"name\":\"Wir geben Unternehmen umfassende Einblicke in ihre Emissionen und bieten gr\u00f6\u00dftm\u00f6gliche Transparenz f\u00fcr eine sichere und nachhaltige Zukunft. &#8226; GRANDPERSPECTIVE DE\",\"isPartOf\":{\"@id\":\"https:\\\/\\\/www.grandperspective.de\\\/de\\\/#website\"},\"primaryImageOfPage\":{\"@id\":\"https:\\\/\\\/www.grandperspective.de\\\/de\\\/#primaryimage\"},\"image\":{\"@id\":\"https:\\\/\\\/www.grandperspective.de\\\/de\\\/#primaryimage\"},\"thumbnailUrl\":\"https:\\\/\\\/www.grandperspective.de\\\/de\\\/wp-content\\\/uploads\\\/sites\\\/2\\\/2024\\\/10\\\/Dashboard_Desktop-700x487.png\",\"datePublished\":\"2024-08-21T08:11:03+00:00\",\"dateModified\":\"2024-10-16T12:32:46+00:00\",\"breadcrumb\":{\"@id\":\"https:\\\/\\\/www.grandperspective.de\\\/de\\\/#breadcrumb\"},\"inLanguage\":\"de\",\"potentialAction\":[{\"@type\":\"ReadAction\",\"target\":[\"https:\\\/\\\/www.grandperspective.de\\\/de\\\/\"]}]},{\"@type\":\"ImageObject\",\"inLanguage\":\"de\",\"@id\":\"https:\\\/\\\/www.grandperspective.de\\\/de\\\/#primaryimage\",\"url\":\"https:\\\/\\\/www.grandperspective.de\\\/de\\\/wp-content\\\/uploads\\\/sites\\\/2\\\/2024\\\/10\\\/Dashboard_Desktop.png\",\"contentUrl\":\"https:\\\/\\\/www.grandperspective.de\\\/de\\\/wp-content\\\/uploads\\\/sites\\\/2\\\/2024\\\/10\\\/Dashboard_Desktop.png\",\"width\":1437,\"height\":999},{\"@type\":\"BreadcrumbList\",\"@id\":\"https:\\\/\\\/www.grandperspective.de\\\/de\\\/#breadcrumb\",\"itemListElement\":[{\"@type\":\"ListItem\",\"position\":1,\"name\":\"Startseite\",\"item\":\"https:\\\/\\\/www.grandperspective.de\\\/de\\\/\"},{\"@type\":\"ListItem\",\"position\":2,\"name\":\"Wir geben Unternehmen umfassende Einblicke in ihre Emissionen und bieten gr\u00f6\u00dftm\u00f6gliche Transparenz f\u00fcr eine sichere und nachhaltige Zukunft.\"}]},{\"@type\":\"WebSite\",\"@id\":\"https:\\\/\\\/www.grandperspective.de\\\/de\\\/#website\",\"url\":\"https:\\\/\\\/www.grandperspective.de\\\/de\\\/\",\"name\":\"GRANDPERSPECTIVE DE\",\"description\":\"Detecting gas leaks from the distance\",\"publisher\":{\"@id\":\"https:\\\/\\\/www.grandperspective.de\\\/de\\\/#organization\"},\"potentialAction\":[{\"@type\":\"SearchAction\",\"target\":{\"@type\":\"EntryPoint\",\"urlTemplate\":\"https:\\\/\\\/www.grandperspective.de\\\/de\\\/?s={search_term_string}\"},\"query-input\":{\"@type\":\"PropertyValueSpecification\",\"valueRequired\":true,\"valueName\":\"search_term_string\"}}],\"inLanguage\":\"de\"},{\"@type\":\"Organization\",\"@id\":\"https:\\\/\\\/www.grandperspective.de\\\/de\\\/#organization\",\"name\":\"Grandperspective\",\"url\":\"https:\\\/\\\/www.grandperspective.de\\\/de\\\/\",\"logo\":{\"@type\":\"ImageObject\",\"inLanguage\":\"de\",\"@id\":\"https:\\\/\\\/www.grandperspective.de\\\/de\\\/#\\\/schema\\\/logo\\\/image\\\/\",\"url\":\"https:\\\/\\\/www.grandperspective.de\\\/de\\\/wp-content\\\/uploads\\\/sites\\\/2\\\/2021\\\/03\\\/GP_Logo_5.5-Monogram_Digital_RGB_whiteBG_small.png\",\"contentUrl\":\"https:\\\/\\\/www.grandperspective.de\\\/de\\\/wp-content\\\/uploads\\\/sites\\\/2\\\/2021\\\/03\\\/GP_Logo_5.5-Monogram_Digital_RGB_whiteBG_small.png\",\"width\":280,\"height\":280,\"caption\":\"Grandperspective\"},\"image\":{\"@id\":\"https:\\\/\\\/www.grandperspective.de\\\/de\\\/#\\\/schema\\\/logo\\\/image\\\/\"},\"sameAs\":[\"https:\\\/\\\/www.linkedin.com\\\/company\\\/grandperspective-gmbh\\\/\",\"https:\\\/\\\/www.youtube.com\\\/channel\\\/UCOR4Eh3SLHwr58wZW8fRpbg\"]}]}<\/script>\n<!-- \/ Yoast SEO plugin. -->","yoast_head_json":{"title":"Wir geben Unternehmen umfassende Einblicke in ihre Emissionen und bieten gr\u00f6\u00dftm\u00f6gliche Transparenz f\u00fcr eine sichere und nachhaltige Zukunft. &#8226; GRANDPERSPECTIVE DE","robots":{"index":"index","follow":"follow","max-snippet":"max-snippet:-1","max-image-preview":"max-image-preview:large","max-video-preview":"max-video-preview:-1"},"canonical":"https:\/\/www.grandperspective.de\/de\/","og_locale":"de_DE","og_type":"article","og_title":"Wir geben Unternehmen umfassende Einblicke in ihre Emissionen und bieten gr\u00f6\u00dftm\u00f6gliche Transparenz f\u00fcr eine sichere und nachhaltige Zukunft. &#8226; GRANDPERSPECTIVE DE","og_description":"scanfeld\u00ae ist die Zukunft des Emissionsmanagements. Einige der erfolgreichsten Industrieunternehmen nutzen unsere Technologie bereits, um sich einen entscheidenden Vorteil zu verschaffen. Entdecken Sie, wie unsere innovative \u00dcberwachungsl\u00f6sung pr\u00e4zise Echtzeitdaten f\u00fcr ein intelligenteres und effektiveres Emissionsmanagement liefert. Warum wir neue L\u00f6sungen brauchen Die am Markt erh\u00e4ltlichen, uneinheitliche Technologien f\u00fchren zu gro\u00dfen \u00dcberwachungsl\u00fccken in der Industrie. Eine... View Article","og_url":"https:\/\/www.grandperspective.de\/de\/","og_site_name":"GRANDPERSPECTIVE DE","article_modified_time":"2024-10-16T12:32:46+00:00","og_image":[{"url":"https:\/\/www.grandperspective.de\/de\/wp-content\/uploads\/sites\/2\/2024\/10\/Dashboard_Desktop-700x487.png","type":"","width":"","height":""}],"twitter_card":"summary_large_image","twitter_misc":{"Gesch\u00e4tzte Lesezeit":"2\u00a0Minuten"},"schema":{"@context":"https:\/\/schema.org","@graph":[{"@type":"WebPage","@id":"https:\/\/www.grandperspective.de\/de\/","url":"https:\/\/www.grandperspective.de\/de\/","name":"Wir geben Unternehmen umfassende Einblicke in ihre Emissionen und bieten gr\u00f6\u00dftm\u00f6gliche Transparenz f\u00fcr eine sichere und nachhaltige Zukunft. &#8226; GRANDPERSPECTIVE DE","isPartOf":{"@id":"https:\/\/www.grandperspective.de\/de\/#website"},"primaryImageOfPage":{"@id":"https:\/\/www.grandperspective.de\/de\/#primaryimage"},"image":{"@id":"https:\/\/www.grandperspective.de\/de\/#primaryimage"},"thumbnailUrl":"https:\/\/www.grandperspective.de\/de\/wp-content\/uploads\/sites\/2\/2024\/10\/Dashboard_Desktop-700x487.png","datePublished":"2024-08-21T08:11:03+00:00","dateModified":"2024-10-16T12:32:46+00:00","breadcrumb":{"@id":"https:\/\/www.grandperspective.de\/de\/#breadcrumb"},"inLanguage":"de","potentialAction":[{"@type":"ReadAction","target":["https:\/\/www.grandperspective.de\/de\/"]}]},{"@type":"ImageObject","inLanguage":"de","@id":"https:\/\/www.grandperspective.de\/de\/#primaryimage","url":"https:\/\/www.grandperspective.de\/de\/wp-content\/uploads\/sites\/2\/2024\/10\/Dashboard_Desktop.png","contentUrl":"https:\/\/www.grandperspective.de\/de\/wp-content\/uploads\/sites\/2\/2024\/10\/Dashboard_Desktop.png","width":1437,"height":999},{"@type":"BreadcrumbList","@id":"https:\/\/www.grandperspective.de\/de\/#breadcrumb","itemListElement":[{"@type":"ListItem","position":1,"name":"Startseite","item":"https:\/\/www.grandperspective.de\/de\/"},{"@type":"ListItem","position":2,"name":"Wir geben Unternehmen umfassende Einblicke in ihre Emissionen und bieten gr\u00f6\u00dftm\u00f6gliche Transparenz f\u00fcr eine sichere und nachhaltige Zukunft."}]},{"@type":"WebSite","@id":"https:\/\/www.grandperspective.de\/de\/#website","url":"https:\/\/www.grandperspective.de\/de\/","name":"GRANDPERSPECTIVE DE","description":"Detecting gas leaks from the distance","publisher":{"@id":"https:\/\/www.grandperspective.de\/de\/#organization"},"potentialAction":[{"@type":"SearchAction","target":{"@type":"EntryPoint","urlTemplate":"https:\/\/www.grandperspective.de\/de\/?s={search_term_string}"},"query-input":{"@type":"PropertyValueSpecification","valueRequired":true,"valueName":"search_term_string"}}],"inLanguage":"de"},{"@type":"Organization","@id":"https:\/\/www.grandperspective.de\/de\/#organization","name":"Grandperspective","url":"https:\/\/www.grandperspective.de\/de\/","logo":{"@type":"ImageObject","inLanguage":"de","@id":"https:\/\/www.grandperspective.de\/de\/#\/schema\/logo\/image\/","url":"https:\/\/www.grandperspective.de\/de\/wp-content\/uploads\/sites\/2\/2021\/03\/GP_Logo_5.5-Monogram_Digital_RGB_whiteBG_small.png","contentUrl":"https:\/\/www.grandperspective.de\/de\/wp-content\/uploads\/sites\/2\/2021\/03\/GP_Logo_5.5-Monogram_Digital_RGB_whiteBG_small.png","width":280,"height":280,"caption":"Grandperspective"},"image":{"@id":"https:\/\/www.grandperspective.de\/de\/#\/schema\/logo\/image\/"},"sameAs":["https:\/\/www.linkedin.com\/company\/grandperspective-gmbh\/","https:\/\/www.youtube.com\/channel\/UCOR4Eh3SLHwr58wZW8fRpbg"]}]}},"_links":{"self":[{"href":"https:\/\/www.grandperspective.de\/de\/wp-json\/wp\/v2\/pages\/1319","targetHints":{"allow":["GET"]}}],"collection":[{"href":"https:\/\/www.grandperspective.de\/de\/wp-json\/wp\/v2\/pages"}],"about":[{"href":"https:\/\/www.grandperspective.de\/de\/wp-json\/wp\/v2\/types\/page"}],"author":[{"embeddable":true,"href":"https:\/\/www.grandperspective.de\/de\/wp-json\/wp\/v2\/users\/1"}],"replies":[{"embeddable":true,"href":"https:\/\/www.grandperspective.de\/de\/wp-json\/wp\/v2\/comments?post=1319"}],"version-history":[{"count":31,"href":"https:\/\/www.grandperspective.de\/de\/wp-json\/wp\/v2\/pages\/1319\/revisions"}],"predecessor-version":[{"id":1548,"href":"https:\/\/www.grandperspective.de\/de\/wp-json\/wp\/v2\/pages\/1319\/revisions\/1548"}],"wp:attachment":[{"href":"https:\/\/www.grandperspective.de\/de\/wp-json\/wp\/v2\/media?parent=1319"}],"curies":[{"name":"wp","href":"https:\/\/api.w.org\/{rel}","templated":true}]}}