{"id":1361,"date":"2024-08-23T08:40:52","date_gmt":"2024-08-23T06:40:52","guid":{"rendered":"https:\/\/www.grandperspective.de\/de\/?page_id=1361"},"modified":"2024-09-19T15:52:09","modified_gmt":"2024-09-19T13:52:09","slug":"vorteile","status":"publish","type":"page","link":"https:\/\/www.grandperspective.de\/de\/vorteile\/","title":{"rendered":"scanfeld\u00ae spart Zeit und Geld im t\u00e4glichen Betrieb und bei der Wartung"},"content":{"rendered":"            <\/div>\n        <\/div>\n\n        <div id=\"headlinetext-block_a3045980cf7f3935a850831d38bfa98a\" class=\"acf_blk_headlinetext left\">\n            <div class=\"row\">\n                                <div class=\"col-12 col-md-6 col-lg-5 order-1\">\n                                    <img loading=\"lazy\" decoding=\"async\" src=\"https:\/\/www.grandperspective.de\/de\/wp-content\/uploads\/sites\/2\/2024\/08\/Benefits_01.jpg\" alt=\"\" width=\"3000\" height=\"2000\" \/>\n                <\/div>\n                                <div class=\"col-12 order-2 col-md-6 col-lg-7 order-md-2\">\n                                    <h3>Optimierte Anlagenwartung<\/h3>\n                    <p>Der Einsatz von scanfeld\u00ae reduziert akute Arbeiten und hilft bei der Planung der Anlagenwartung. Unser System sagt Ausf\u00e4lle fr\u00fchzeitig voraus und minimiert die Ausfallzeiten. Maximieren Sie mit scanfeld\u00ae Ihre Sicherheit ohne unn\u00f6tige Unterbrechungen und profitieren Sie von einer Full-Service-L\u00f6sung mit geringem Wartungsaufwand und ohne Fehlalarme.<\/p>\n                <\/div>\n            <\/div>\n        <\/div>\n\n        <div class=\"row\">\n            <div class=\"col-12\">\n\n            <\/div>\n        <\/div>\n\n        <div id=\"headlinetext-block_4fa9cb0c0c27c83caa95bda35efafa2b\" class=\"acf_blk_headlinetext left\">\n            <div class=\"row\">\n                                <div class=\"col-12 col-md-6 col-lg-5 order-1\">\n                                    <img loading=\"lazy\" decoding=\"async\" src=\"https:\/\/www.grandperspective.de\/de\/wp-content\/uploads\/sites\/2\/2024\/08\/Benefits_07.jpg\" alt=\"\" width=\"4592\" height=\"3064\" \/>\n                <\/div>\n                                <div class=\"col-12 order-2 col-md-6 col-lg-7 order-md-2\">\n                                    <h3>Die n\u00e4chste Generation der automatischen Leckagenerkennung<\/h3>\n                    <p>scanfeld\u00ae ist die ideale L\u00f6sung f\u00fcr Industriestandorte, die ihre Leistung maximieren und das Risiko effektiv minimieren wollen. Das System zeigt Ihnen im Falle eines Lecks, wo, was, wie viel und seit wann Gas entweicht.<\/p>\n                <\/div>\n            <\/div>\n        <\/div>\n\n        <div class=\"row\">\n            <div class=\"col-12\">\n\n            <\/div>\n        <\/div>\n\n        <div id=\"headlinetext-block_55fc1ef2be0a8caed9dbfcf8f1702268\" class=\"acf_blk_headlinetext left\">\n            <div class=\"row\">\n                                <div class=\"col-12 col-md-6 col-lg-5 order-1\">\n                                    <img loading=\"lazy\" decoding=\"async\" src=\"https:\/\/www.grandperspective.de\/de\/wp-content\/uploads\/sites\/2\/2024\/09\/Benefits_02502.jpg\" alt=\"\" width=\"2279\" height=\"1519\" \/>\n                <\/div>\n                                <div class=\"col-12 order-2 col-md-6 col-lg-7 order-md-2\">\n                                    <h3>Erh\u00f6hte Sicherheit f\u00fcr Ihre Mitarbeiter<\/h3>\n                    <p>Unsere Technologie verhindert Arbeitsunf\u00e4lle und hilft ungeplanter Gasfreisetzungen schnell einzud\u00e4mmen. Durch autoamtische Messsungen verhindern Sie nicht nur, dass Gas austritt, sondern stellen auch sicher, dass potenzielle Gefahren erkannt und beseitigt werden, bevor sie eskalieren.<\/p>\n                <\/div>\n            <\/div>\n        <\/div>\n\n        <div class=\"row\">\n            <div class=\"col-12\">\n\n            <\/div>\n        <\/div>\n\n        <div id=\"headlinetext-block_ac44eac2ef6e6ad16ceee9c009a17339\" class=\"acf_blk_headlinetext left\">\n            <div class=\"row\">\n                                <div class=\"col-12 col-md-6 col-lg-5 order-1\">\n                                    <img loading=\"lazy\" decoding=\"async\" src=\"https:\/\/www.grandperspective.de\/de\/wp-content\/uploads\/sites\/2\/2024\/09\/Benefits_0196.jpg\" alt=\"\" width=\"2300\" height=\"1533\" \/>\n                <\/div>\n                                <div class=\"col-12 order-2 col-md-6 col-lg-7 order-md-2\">\n                                    <h3>F\u00fcr ESG-Ziele und Compliance<\/h3>\n                    <p>Unsere Plattform bietet skalierbare ESG- und Compliance-\u00dcberwachungsfunktionen, die eine nahtlose Integration von Berichten auf Unternehmensebene bis hin zu detaillierten Einblicken auf Asset-Ebene erm\u00f6glichen \u2013 alles \u00fcber eine einzige Dashboard-Oberfl\u00e4che.<\/p>\n                <\/div>\n            <\/div>\n        <\/div>\n\n        <div class=\"row\">\n            <div class=\"col-12\">\n\n            <\/div>\n        <\/div>\n\n        <div id=\"headlinetext-block_90397df7e52b3a55d23124ea988dd7a4\" class=\"acf_blk_headlinetext left\">\n            <div class=\"row\">\n                                <div class=\"col-12 col-md-6 col-lg-5 order-1\">\n                                    <img loading=\"lazy\" decoding=\"async\" src=\"https:\/\/www.grandperspective.de\/de\/wp-content\/uploads\/sites\/2\/2024\/08\/Benefits_04.jpg\" alt=\"\" width=\"5760\" height=\"3840\" \/>\n                <\/div>\n                                <div class=\"col-12 order-2 col-md-6 col-lg-7 order-md-2\">\n                                    <h3>Sichtbarkeit \u00fcber die Grenzen hinaus<\/h3>\n                    <p>scanfeld\u00ae bietet umfassende Sichtbarkeit \u00fcber die Grenzen Ihrer Anlage hinaus. Erhalten Sie einen Gesamt\u00fcberblick \u00fcber alle Bereiche, die Ihnen und Ihren Stakeholdern wirklich wichtig sind.<\/p>\n                <\/div>\n            <\/div>\n        <\/div>\n\n        <div class=\"row\">\n            <div class=\"col-12\">\n\n            <\/div>\n        <\/div>\n\n        <div id=\"headlinetext-block_77254592fbfa447474bd9398067e67fa\" class=\"acf_blk_headlinetext left\">\n            <div class=\"row\">\n                                <div class=\"col-12 col-md-6 col-lg-5 order-1\">\n                                    <img loading=\"lazy\" decoding=\"async\" src=\"https:\/\/www.grandperspective.de\/de\/wp-content\/uploads\/sites\/2\/2024\/08\/Benefits_09.jpg\" alt=\"\" width=\"5184\" height=\"3456\" \/>\n                <\/div>\n                                <div class=\"col-12 order-2 col-md-6 col-lg-7 order-md-2\">\n                                    <h3>Bleiben Sie flexibel mit Monitoring-as-a-Service<\/h3>\n                    <p>Mit unserer Monitoring-as-a-Service L\u00f6sung sind keine hohen Investitionen in neue Hardware erforderlich und Sie bleiben flexibel. Genie\u00dfen Sie ein Full-Service-Modell mit fortlaufendem Support durch unser Expertenteam, das eine nahtlose Integration und betriebliche Effizienz gew\u00e4hrleistet.<\/p>\n                <\/div>\n            <\/div>\n        <\/div>\n\n        <div class=\"row\">\n            <div class=\"col-12\">","protected":false},"excerpt":{"rendered":"","protected":false},"author":1,"featured_media":0,"parent":0,"menu_order":0,"comment_status":"closed","ping_status":"closed","template":"","meta":{"_acf_changed":false,"content-type":"","inline_featured_image":false,"footnotes":""},"class_list":["post-1361","page","type-page","status-publish","hentry"],"acf":[],"yoast_head":"<!-- This site is optimized with the Yoast SEO plugin v27.4 - https:\/\/yoast.com\/product\/yoast-seo-wordpress\/ -->\n<title>scanfeld\u00ae spart Zeit und Geld im t\u00e4glichen Betrieb und bei der Wartung &#8226; GRANDPERSPECTIVE DE<\/title>\n<meta name=\"robots\" content=\"index, follow, max-snippet:-1, max-image-preview:large, max-video-preview:-1\" \/>\n<link rel=\"canonical\" href=\"https:\/\/www.grandperspective.de\/de\/vorteile\/\" \/>\n<meta property=\"og:locale\" content=\"de_DE\" \/>\n<meta property=\"og:type\" content=\"article\" \/>\n<meta property=\"og:title\" content=\"scanfeld\u00ae spart Zeit und Geld im t\u00e4glichen Betrieb und bei der Wartung &#8226; GRANDPERSPECTIVE DE\" \/>\n<meta property=\"og:url\" content=\"https:\/\/www.grandperspective.de\/de\/vorteile\/\" \/>\n<meta property=\"og:site_name\" content=\"GRANDPERSPECTIVE DE\" \/>\n<meta property=\"article:modified_time\" content=\"2024-09-19T13:52:09+00:00\" \/>\n<meta name=\"twitter:card\" content=\"summary_large_image\" \/>\n<script type=\"application\/ld+json\" class=\"yoast-schema-graph\">{\"@context\":\"https:\\\/\\\/schema.org\",\"@graph\":[{\"@type\":\"WebPage\",\"@id\":\"https:\\\/\\\/www.grandperspective.de\\\/de\\\/vorteile\\\/\",\"url\":\"https:\\\/\\\/www.grandperspective.de\\\/de\\\/vorteile\\\/\",\"name\":\"scanfeld\u00ae spart Zeit und Geld im t\u00e4glichen Betrieb und bei der Wartung &#8226; GRANDPERSPECTIVE DE\",\"isPartOf\":{\"@id\":\"https:\\\/\\\/www.grandperspective.de\\\/de\\\/#website\"},\"datePublished\":\"2024-08-23T06:40:52+00:00\",\"dateModified\":\"2024-09-19T13:52:09+00:00\",\"breadcrumb\":{\"@id\":\"https:\\\/\\\/www.grandperspective.de\\\/de\\\/vorteile\\\/#breadcrumb\"},\"inLanguage\":\"de\",\"potentialAction\":[{\"@type\":\"ReadAction\",\"target\":[\"https:\\\/\\\/www.grandperspective.de\\\/de\\\/vorteile\\\/\"]}]},{\"@type\":\"BreadcrumbList\",\"@id\":\"https:\\\/\\\/www.grandperspective.de\\\/de\\\/vorteile\\\/#breadcrumb\",\"itemListElement\":[{\"@type\":\"ListItem\",\"position\":1,\"name\":\"Startseite\",\"item\":\"https:\\\/\\\/www.grandperspective.de\\\/de\\\/\"},{\"@type\":\"ListItem\",\"position\":2,\"name\":\"scanfeld\u00ae spart Zeit und Geld im t\u00e4glichen Betrieb und bei der Wartung\"}]},{\"@type\":\"WebSite\",\"@id\":\"https:\\\/\\\/www.grandperspective.de\\\/de\\\/#website\",\"url\":\"https:\\\/\\\/www.grandperspective.de\\\/de\\\/\",\"name\":\"GRANDPERSPECTIVE DE\",\"description\":\"Detecting gas leaks from the distance\",\"publisher\":{\"@id\":\"https:\\\/\\\/www.grandperspective.de\\\/de\\\/#organization\"},\"potentialAction\":[{\"@type\":\"SearchAction\",\"target\":{\"@type\":\"EntryPoint\",\"urlTemplate\":\"https:\\\/\\\/www.grandperspective.de\\\/de\\\/?s={search_term_string}\"},\"query-input\":{\"@type\":\"PropertyValueSpecification\",\"valueRequired\":true,\"valueName\":\"search_term_string\"}}],\"inLanguage\":\"de\"},{\"@type\":\"Organization\",\"@id\":\"https:\\\/\\\/www.grandperspective.de\\\/de\\\/#organization\",\"name\":\"Grandperspective\",\"url\":\"https:\\\/\\\/www.grandperspective.de\\\/de\\\/\",\"logo\":{\"@type\":\"ImageObject\",\"inLanguage\":\"de\",\"@id\":\"https:\\\/\\\/www.grandperspective.de\\\/de\\\/#\\\/schema\\\/logo\\\/image\\\/\",\"url\":\"https:\\\/\\\/www.grandperspective.de\\\/de\\\/wp-content\\\/uploads\\\/sites\\\/2\\\/2021\\\/03\\\/GP_Logo_5.5-Monogram_Digital_RGB_whiteBG_small.png\",\"contentUrl\":\"https:\\\/\\\/www.grandperspective.de\\\/de\\\/wp-content\\\/uploads\\\/sites\\\/2\\\/2021\\\/03\\\/GP_Logo_5.5-Monogram_Digital_RGB_whiteBG_small.png\",\"width\":280,\"height\":280,\"caption\":\"Grandperspective\"},\"image\":{\"@id\":\"https:\\\/\\\/www.grandperspective.de\\\/de\\\/#\\\/schema\\\/logo\\\/image\\\/\"},\"sameAs\":[\"https:\\\/\\\/www.linkedin.com\\\/company\\\/grandperspective-gmbh\\\/\",\"https:\\\/\\\/www.youtube.com\\\/channel\\\/UCOR4Eh3SLHwr58wZW8fRpbg\"]}]}<\/script>\n<!-- \/ Yoast SEO plugin. -->","yoast_head_json":{"title":"scanfeld\u00ae spart Zeit und Geld im t\u00e4glichen Betrieb und bei der Wartung &#8226; GRANDPERSPECTIVE DE","robots":{"index":"index","follow":"follow","max-snippet":"max-snippet:-1","max-image-preview":"max-image-preview:large","max-video-preview":"max-video-preview:-1"},"canonical":"https:\/\/www.grandperspective.de\/de\/vorteile\/","og_locale":"de_DE","og_type":"article","og_title":"scanfeld\u00ae spart Zeit und Geld im t\u00e4glichen Betrieb und bei der Wartung &#8226; GRANDPERSPECTIVE DE","og_url":"https:\/\/www.grandperspective.de\/de\/vorteile\/","og_site_name":"GRANDPERSPECTIVE DE","article_modified_time":"2024-09-19T13:52:09+00:00","twitter_card":"summary_large_image","schema":{"@context":"https:\/\/schema.org","@graph":[{"@type":"WebPage","@id":"https:\/\/www.grandperspective.de\/de\/vorteile\/","url":"https:\/\/www.grandperspective.de\/de\/vorteile\/","name":"scanfeld\u00ae spart Zeit und Geld im t\u00e4glichen Betrieb und bei der Wartung &#8226; GRANDPERSPECTIVE DE","isPartOf":{"@id":"https:\/\/www.grandperspective.de\/de\/#website"},"datePublished":"2024-08-23T06:40:52+00:00","dateModified":"2024-09-19T13:52:09+00:00","breadcrumb":{"@id":"https:\/\/www.grandperspective.de\/de\/vorteile\/#breadcrumb"},"inLanguage":"de","potentialAction":[{"@type":"ReadAction","target":["https:\/\/www.grandperspective.de\/de\/vorteile\/"]}]},{"@type":"BreadcrumbList","@id":"https:\/\/www.grandperspective.de\/de\/vorteile\/#breadcrumb","itemListElement":[{"@type":"ListItem","position":1,"name":"Startseite","item":"https:\/\/www.grandperspective.de\/de\/"},{"@type":"ListItem","position":2,"name":"scanfeld\u00ae spart Zeit und Geld im t\u00e4glichen Betrieb und bei der Wartung"}]},{"@type":"WebSite","@id":"https:\/\/www.grandperspective.de\/de\/#website","url":"https:\/\/www.grandperspective.de\/de\/","name":"GRANDPERSPECTIVE DE","description":"Detecting gas leaks from the distance","publisher":{"@id":"https:\/\/www.grandperspective.de\/de\/#organization"},"potentialAction":[{"@type":"SearchAction","target":{"@type":"EntryPoint","urlTemplate":"https:\/\/www.grandperspective.de\/de\/?s={search_term_string}"},"query-input":{"@type":"PropertyValueSpecification","valueRequired":true,"valueName":"search_term_string"}}],"inLanguage":"de"},{"@type":"Organization","@id":"https:\/\/www.grandperspective.de\/de\/#organization","name":"Grandperspective","url":"https:\/\/www.grandperspective.de\/de\/","logo":{"@type":"ImageObject","inLanguage":"de","@id":"https:\/\/www.grandperspective.de\/de\/#\/schema\/logo\/image\/","url":"https:\/\/www.grandperspective.de\/de\/wp-content\/uploads\/sites\/2\/2021\/03\/GP_Logo_5.5-Monogram_Digital_RGB_whiteBG_small.png","contentUrl":"https:\/\/www.grandperspective.de\/de\/wp-content\/uploads\/sites\/2\/2021\/03\/GP_Logo_5.5-Monogram_Digital_RGB_whiteBG_small.png","width":280,"height":280,"caption":"Grandperspective"},"image":{"@id":"https:\/\/www.grandperspective.de\/de\/#\/schema\/logo\/image\/"},"sameAs":["https:\/\/www.linkedin.com\/company\/grandperspective-gmbh\/","https:\/\/www.youtube.com\/channel\/UCOR4Eh3SLHwr58wZW8fRpbg"]}]}},"_links":{"self":[{"href":"https:\/\/www.grandperspective.de\/de\/wp-json\/wp\/v2\/pages\/1361","targetHints":{"allow":["GET"]}}],"collection":[{"href":"https:\/\/www.grandperspective.de\/de\/wp-json\/wp\/v2\/pages"}],"about":[{"href":"https:\/\/www.grandperspective.de\/de\/wp-json\/wp\/v2\/types\/page"}],"author":[{"embeddable":true,"href":"https:\/\/www.grandperspective.de\/de\/wp-json\/wp\/v2\/users\/1"}],"replies":[{"embeddable":true,"href":"https:\/\/www.grandperspective.de\/de\/wp-json\/wp\/v2\/comments?post=1361"}],"version-history":[{"count":12,"href":"https:\/\/www.grandperspective.de\/de\/wp-json\/wp\/v2\/pages\/1361\/revisions"}],"predecessor-version":[{"id":1518,"href":"https:\/\/www.grandperspective.de\/de\/wp-json\/wp\/v2\/pages\/1361\/revisions\/1518"}],"wp:attachment":[{"href":"https:\/\/www.grandperspective.de\/de\/wp-json\/wp\/v2\/media?parent=1361"}],"curies":[{"name":"wp","href":"https:\/\/api.w.org\/{rel}","templated":true}]}}