{"id":1363,"date":"2024-08-23T08:41:23","date_gmt":"2024-08-23T06:41:23","guid":{"rendered":"https:\/\/www.grandperspective.de\/de\/?page_id=1363"},"modified":"2024-09-19T16:20:58","modified_gmt":"2024-09-19T14:20:58","slug":"technologie","status":"publish","type":"page","link":"https:\/\/www.grandperspective.de\/de\/technologie\/","title":{"rendered":"scanfeld\u00ae findet, dokumentiert und meldet alle Emissionen in Echtzeit"},"content":{"rendered":"\n<p>Unser scanfeld\u00ae -System nutzt modernste Fernerkundungstechnologie um gro\u00dfe Gebiete zu \u00fcberwachen. Produktions- und Lagereinrichtungen aller Gr\u00f6\u00dfen k\u00f6nnen rund um die Uhr auf \u00fcber 400 Substanzen aus bis zu einem Kilometer Entfernung \u00fcberwacht werden. Dabei zeigt scanfeld\u00ae eine Echtzeit-Visualisierung der Gasverteilung und -ausbreitung. Das System erkennt einen breiten Konzentrationsbereich \u2013 von einstelligen ppm-Werten bis hin zu zweistelligen Prozentwerten \u2013 und erm\u00f6glicht so, sicherheitsrelevante Ereignisse von technischen Emissionen zu unterscheiden.<\/p>\n\n\n\n            <\/div>\n        <\/div>\n    <\/div>\n<\/div>\n<div id=\"fullwidthphoto-block_a7d03b1eb9e722ef81f5908b1ed97341\" class=\"acf_blk_fullwidthphoto\">\n        <img loading=\"lazy\" decoding=\"async\" src=\"https:\/\/www.grandperspective.de\/de\/wp-content\/uploads\/sites\/2\/2024\/08\/Grandperspective_Gas_Cloud_02-web.jpg\" alt=\"\" width=\"1366\" height=\"517\" \/>\n    <\/div>\n<div class=\"bg white\">\n    <div class=\"container-fluid\">\n        <div class=\"row\">\n            <div class=\"col-12\">\n\n\n<h1 class=\"wp-block-heading\">Sie k\u00f6nnen nur das kontrollieren, was Sie auch sehen<\/h1>\n\n\n\n<div class=\"wp-block-media-text is-stacked-on-mobile is-vertically-aligned-top\" style=\"grid-template-columns:35% auto\"><figure class=\"wp-block-media-text__media\"><img loading=\"lazy\" decoding=\"async\" width=\"700\" height=\"519\" src=\"https:\/\/www.grandperspective.de\/de\/wp-content\/uploads\/sites\/2\/2024\/08\/Ammonia_01-700x519.jpeg\" alt=\"\" class=\"wp-image-1398 size-full\" srcset=\"https:\/\/www.grandperspective.de\/de\/wp-content\/uploads\/sites\/2\/2024\/08\/Ammonia_01-700x519.jpeg 700w, https:\/\/www.grandperspective.de\/de\/wp-content\/uploads\/sites\/2\/2024\/08\/Ammonia_01-250x185.jpeg 250w, https:\/\/www.grandperspective.de\/de\/wp-content\/uploads\/sites\/2\/2024\/08\/Ammonia_01-768x569.jpeg 768w, https:\/\/www.grandperspective.de\/de\/wp-content\/uploads\/sites\/2\/2024\/08\/Ammonia_01-1536x1139.jpeg 1536w, https:\/\/www.grandperspective.de\/de\/wp-content\/uploads\/sites\/2\/2024\/08\/Ammonia_01-120x89.jpeg 120w, https:\/\/www.grandperspective.de\/de\/wp-content\/uploads\/sites\/2\/2024\/08\/Ammonia_01.jpeg 1600w\" sizes=\"auto, (max-width: 700px) 100vw, 700px\" \/><\/figure><div class=\"wp-block-media-text__content\">\n<h2 class=\"wp-block-heading\">Pr\u00e4zise Gaserkennung und hohe Messgenauigkeit, Tag und Nacht<\/h2>\n\n\n\n<p>Fourier-Transformations-Infrarotspektroskopie (FTIR) erm\u00f6glicht es Gase anhand ihrer einzigartigen spektralen Signaturen zu identifizieren, dies wird als spektroskopischer Fingerabdruck bezeichnet. Im Gegensatz zu den meisten passiven Methoden ben\u00f6tigt FTIR kein Sonnenlicht und ist daher auch unter realen Bedingungen anwendbar. scanfeld\u00ae ist optimiert f\u00fcr die Analyse von thermischer Infrarotstrahlung und verf\u00fcgt \u00fcber ein Teleskop mit gro\u00dfer Reichweite, das ein hochaufl\u00f6sendes Sichtfeld im ppm-Bereich abtastet.<\/p>\n<\/div><\/div>\n\n\n\n<p><\/p>\n\n\n\n<div class=\"wp-block-media-text has-media-on-the-right is-stacked-on-mobile\" style=\"grid-template-columns:auto 43%\"><div class=\"wp-block-media-text__content\">\n<h2 class=\"wp-block-heading\">Nahtlose Integration und verbesserte Effizienz<\/h2>\n\n\n\n<p>Unsere patentierte L\u00f6sung erm\u00f6glicht eine vollst\u00e4ndige Plattformintegration mit sicheren Systemverbindungen und dem Austausch von Informationen mit dem Prozessleitsystem (PCS) in Echtzeit. Diese All-in-One-Integration verbessert die Effizienz und erm\u00f6glicht eine schnelle Entscheidungsfindung durch die nahtlose Verbindung kritischer Datenstr\u00f6me \u00fcber die gesamte Plattform hinweg.<\/p>\n<\/div><figure class=\"wp-block-media-text__media\"><img loading=\"lazy\" decoding=\"async\" width=\"700\" height=\"523\" src=\"https:\/\/www.grandperspective.de\/de\/wp-content\/uploads\/sites\/2\/2024\/08\/Ammonia_02-700x523.jpeg\" alt=\"\" class=\"wp-image-1399 size-full\" srcset=\"https:\/\/www.grandperspective.de\/de\/wp-content\/uploads\/sites\/2\/2024\/08\/Ammonia_02-700x523.jpeg 700w, https:\/\/www.grandperspective.de\/de\/wp-content\/uploads\/sites\/2\/2024\/08\/Ammonia_02-250x187.jpeg 250w, https:\/\/www.grandperspective.de\/de\/wp-content\/uploads\/sites\/2\/2024\/08\/Ammonia_02-768x574.jpeg 768w, https:\/\/www.grandperspective.de\/de\/wp-content\/uploads\/sites\/2\/2024\/08\/Ammonia_02-1536x1147.jpeg 1536w, https:\/\/www.grandperspective.de\/de\/wp-content\/uploads\/sites\/2\/2024\/08\/Ammonia_02-120x90.jpeg 120w, https:\/\/www.grandperspective.de\/de\/wp-content\/uploads\/sites\/2\/2024\/08\/Ammonia_02.jpeg 1600w\" sizes=\"auto, (max-width: 700px) 100vw, 700px\" \/><\/figure><\/div>\n\n\n\n<p><\/p>\n\n\n\n<div class=\"wp-block-media-text is-stacked-on-mobile\"><figure class=\"wp-block-media-text__media\"><img loading=\"lazy\" decoding=\"async\" width=\"700\" height=\"519\" src=\"https:\/\/www.grandperspective.de\/de\/wp-content\/uploads\/sites\/2\/2024\/08\/Ammonia_03-700x519.jpeg\" alt=\"\" class=\"wp-image-1400 size-full\" srcset=\"https:\/\/www.grandperspective.de\/de\/wp-content\/uploads\/sites\/2\/2024\/08\/Ammonia_03-700x519.jpeg 700w, https:\/\/www.grandperspective.de\/de\/wp-content\/uploads\/sites\/2\/2024\/08\/Ammonia_03-250x185.jpeg 250w, https:\/\/www.grandperspective.de\/de\/wp-content\/uploads\/sites\/2\/2024\/08\/Ammonia_03-768x569.jpeg 768w, https:\/\/www.grandperspective.de\/de\/wp-content\/uploads\/sites\/2\/2024\/08\/Ammonia_03-1536x1139.jpeg 1536w, https:\/\/www.grandperspective.de\/de\/wp-content\/uploads\/sites\/2\/2024\/08\/Ammonia_03-120x89.jpeg 120w, https:\/\/www.grandperspective.de\/de\/wp-content\/uploads\/sites\/2\/2024\/08\/Ammonia_03.jpeg 1600w\" sizes=\"auto, (max-width: 700px) 100vw, 700px\" \/><\/figure><div class=\"wp-block-media-text__content\">\n<h2 class=\"wp-block-heading\">Dauerhafte Emissions\u00fcberwachung<\/h2>\n\n\n\n<p>scanfeld\u00ae arbeitet wetterunabh\u00e4ngig und gew\u00e4hrleistet so eine zuverl\u00e4ssige \u00dcberwachung und verwertbare Erkenntnisse in jeder Situation. Nebel, Regen oder wechselnden Lichtverh\u00e4ltnissen beeinflussen das System nicht, das im Temperaturbereich von -20 \u00b0C bis +60 \u00b0C betrieben werden kann. Die 360\u00b0-Ansicht mit einer Reichweite von bis zu einem Kilometer liefert Anwendern ein ganzheitliches Situationsbewusstsein und Sicherheit in jeder Umgebung.<\/p>\n<\/div><\/div>\n\n\n\n<p><\/p>\n\n\n\n<div class=\"wp-block-media-text has-media-on-the-right is-stacked-on-mobile\" style=\"grid-template-columns:auto 37%\"><div class=\"wp-block-media-text__content\">\n<h2 class=\"wp-block-heading\">Automatische Fern\u00fcberwachung mit Ergebnissen in Echtzeit<\/h2>\n\n\n\n<p>scanfeld\u00ae kann Gaswolken in Echtzeit kartieren und liefert dank fortlaufender \u00dcberwachung und automatischer Situationsbewertung immer den maximalen \u00dcberblick in jeder Situation. Das fortschrittliche System ist auf Skalierbarkeit ausgelegt und \u00fcberwacht effizient gro\u00dfe Gebiete mit einer geringen Anzahl von Sensoren.<\/p>\n<\/div><figure class=\"wp-block-media-text__media\"><img loading=\"lazy\" decoding=\"async\" width=\"700\" height=\"523\" src=\"https:\/\/www.grandperspective.de\/de\/wp-content\/uploads\/sites\/2\/2024\/08\/Ammonia_04-700x523.jpeg\" alt=\"\" class=\"wp-image-1401 size-full\" srcset=\"https:\/\/www.grandperspective.de\/de\/wp-content\/uploads\/sites\/2\/2024\/08\/Ammonia_04-700x523.jpeg 700w, https:\/\/www.grandperspective.de\/de\/wp-content\/uploads\/sites\/2\/2024\/08\/Ammonia_04-250x187.jpeg 250w, https:\/\/www.grandperspective.de\/de\/wp-content\/uploads\/sites\/2\/2024\/08\/Ammonia_04-768x574.jpeg 768w, https:\/\/www.grandperspective.de\/de\/wp-content\/uploads\/sites\/2\/2024\/08\/Ammonia_04-1536x1147.jpeg 1536w, https:\/\/www.grandperspective.de\/de\/wp-content\/uploads\/sites\/2\/2024\/08\/Ammonia_04-120x90.jpeg 120w, https:\/\/www.grandperspective.de\/de\/wp-content\/uploads\/sites\/2\/2024\/08\/Ammonia_04.jpeg 1600w\" sizes=\"auto, (max-width: 700px) 100vw, 700px\" \/><\/figure><\/div>\n\n\n\n<p><\/p>\n\n\n\n<div class=\"wp-block-media-text is-stacked-on-mobile\"><figure class=\"wp-block-media-text__media\"><img loading=\"lazy\" decoding=\"async\" width=\"700\" height=\"519\" src=\"https:\/\/www.grandperspective.de\/de\/wp-content\/uploads\/sites\/2\/2024\/08\/Ammonia_06-700x519.jpeg\" alt=\"\" class=\"wp-image-1403 size-full\" srcset=\"https:\/\/www.grandperspective.de\/de\/wp-content\/uploads\/sites\/2\/2024\/08\/Ammonia_06-700x519.jpeg 700w, https:\/\/www.grandperspective.de\/de\/wp-content\/uploads\/sites\/2\/2024\/08\/Ammonia_06-250x185.jpeg 250w, https:\/\/www.grandperspective.de\/de\/wp-content\/uploads\/sites\/2\/2024\/08\/Ammonia_06-768x569.jpeg 768w, https:\/\/www.grandperspective.de\/de\/wp-content\/uploads\/sites\/2\/2024\/08\/Ammonia_06-1536x1139.jpeg 1536w, https:\/\/www.grandperspective.de\/de\/wp-content\/uploads\/sites\/2\/2024\/08\/Ammonia_06-120x89.jpeg 120w, https:\/\/www.grandperspective.de\/de\/wp-content\/uploads\/sites\/2\/2024\/08\/Ammonia_06.jpeg 1600w\" sizes=\"auto, (max-width: 700px) 100vw, 700px\" \/><\/figure><div class=\"wp-block-media-text__content\">\n<h2 class=\"wp-block-heading\">Zuverl\u00e4ssige Identifizierung von \u00fcber 400 Gasen<\/h2>\n\n\n\n<p>Unsere innovative L\u00f6sung identifiziert \u00fcber 400 Chemikalien und quantifiziert die Emissionen. Dazu geh\u00f6ren typische HAPs und VOCs, Ethylenoxid, Vinylchlorid, Kohlenwasserstoffe, Methan \/ LNG, Propan \/ LPG, Ammoniak, Salpeters\u00e4ure, Distickstoffoxid und viele mehr.<\/p>\n<\/div><\/div>\n\n\n\n<p><\/p>\n\n\n\n<h2 class=\"wp-block-heading\">Wie funktioniert FTIR-Spektroskopie?<\/h2>\n\n\n\n<div class=\"wp-block-media-text has-media-on-the-right is-stacked-on-mobile\" style=\"grid-template-columns:auto 41%\"><div class=\"wp-block-media-text__content\">\n<p>Mit Fourier-Transformations-Infrarotspektroskopie (FTIR) k\u00f6nnen Gase anhand ihrer einzigartigen spektralen Signatur identifiziert werden, dem so genannten spektroskopischen Fingerabdruck. Der scanfeld\u00ae-Sensor analysiert dabei die Infrarotstrahlung \u00fcber einen breiten Spektralbereich mit einer hohen spektralen Aufl\u00f6sung. Jedes Gas, das sich im Sichtfeld des Ger\u00e4tes befindet, hinterl\u00e4sst einen verbindungsspezifischen Fingerabdruck im gemessenen Spektrum. Auf diese Weise kann das System nicht nur mehrere hundert Gase identifizieren, sondern ist auch in der Lage, Mischungen verschiedener Gase zu analysieren.<\/p>\n<\/div><figure class=\"wp-block-media-text__media\"><img loading=\"lazy\" decoding=\"async\" width=\"700\" height=\"467\" src=\"https:\/\/www.grandperspective.de\/de\/wp-content\/uploads\/sites\/2\/2024\/09\/Grandperspective_scanfeld_0129-700x467.jpg\" alt=\"\" class=\"wp-image-1520 size-full\" srcset=\"https:\/\/www.grandperspective.de\/de\/wp-content\/uploads\/sites\/2\/2024\/09\/Grandperspective_scanfeld_0129-700x467.jpg 700w, https:\/\/www.grandperspective.de\/de\/wp-content\/uploads\/sites\/2\/2024\/09\/Grandperspective_scanfeld_0129-250x167.jpg 250w, https:\/\/www.grandperspective.de\/de\/wp-content\/uploads\/sites\/2\/2024\/09\/Grandperspective_scanfeld_0129-768x512.jpg 768w, https:\/\/www.grandperspective.de\/de\/wp-content\/uploads\/sites\/2\/2024\/09\/Grandperspective_scanfeld_0129-1536x1024.jpg 1536w, https:\/\/www.grandperspective.de\/de\/wp-content\/uploads\/sites\/2\/2024\/09\/Grandperspective_scanfeld_0129-2048x1365.jpg 2048w, https:\/\/www.grandperspective.de\/de\/wp-content\/uploads\/sites\/2\/2024\/09\/Grandperspective_scanfeld_0129-120x80.jpg 120w\" sizes=\"auto, (max-width: 700px) 100vw, 700px\" \/><\/figure><\/div>\n","protected":false},"excerpt":{"rendered":"Unser scanfeld\u00ae -System nutzt modernste Fernerkundungstechnologie um gro\u00dfe Gebiete zu \u00fcberwachen. Produktions- und Lagereinrichtungen aller Gr\u00f6\u00dfen k\u00f6nnen rund um die Uhr auf \u00fcber 400 Substanzen aus bis zu einem Kilometer Entfernung \u00fcberwacht werden. Dabei zeigt scanfeld\u00ae eine Echtzeit-Visualisierung der Gasverteilung und -ausbreitung. Das System erkennt einen breiten Konzentrationsbereich \u2013 von einstelligen ppm-Werten bis hin zu&#8230; <a class=\"view-article\" href=\"https:\/\/www.grandperspective.de\/de\/technologie\/\">View Article<\/a>","protected":false},"author":1,"featured_media":0,"parent":0,"menu_order":0,"comment_status":"closed","ping_status":"closed","template":"","meta":{"_acf_changed":false,"content-type":"","inline_featured_image":false,"footnotes":""},"class_list":["post-1363","page","type-page","status-publish","hentry"],"acf":[],"yoast_head":"<!-- This site is optimized with the Yoast SEO plugin v27.4 - https:\/\/yoast.com\/product\/yoast-seo-wordpress\/ -->\n<title>scanfeld\u00ae findet, dokumentiert und meldet alle Emissionen in Echtzeit &#8226; GRANDPERSPECTIVE DE<\/title>\n<meta name=\"robots\" content=\"index, follow, max-snippet:-1, max-image-preview:large, max-video-preview:-1\" \/>\n<link rel=\"canonical\" href=\"https:\/\/www.grandperspective.de\/de\/technologie\/\" \/>\n<meta property=\"og:locale\" content=\"de_DE\" \/>\n<meta property=\"og:type\" content=\"article\" \/>\n<meta property=\"og:title\" content=\"scanfeld\u00ae findet, dokumentiert und meldet alle Emissionen in Echtzeit &#8226; GRANDPERSPECTIVE DE\" \/>\n<meta property=\"og:description\" content=\"Unser scanfeld\u00ae -System nutzt modernste Fernerkundungstechnologie um gro\u00dfe Gebiete zu \u00fcberwachen. Produktions- und Lagereinrichtungen aller Gr\u00f6\u00dfen k\u00f6nnen rund um die Uhr auf \u00fcber 400 Substanzen aus bis zu einem Kilometer Entfernung \u00fcberwacht werden. Dabei zeigt scanfeld\u00ae eine Echtzeit-Visualisierung der Gasverteilung und -ausbreitung. Das System erkennt einen breiten Konzentrationsbereich \u2013 von einstelligen ppm-Werten bis hin zu... View Article\" \/>\n<meta property=\"og:url\" content=\"https:\/\/www.grandperspective.de\/de\/technologie\/\" \/>\n<meta property=\"og:site_name\" content=\"GRANDPERSPECTIVE DE\" \/>\n<meta property=\"article:modified_time\" content=\"2024-09-19T14:20:58+00:00\" \/>\n<meta property=\"og:image\" content=\"https:\/\/www.grandperspective.de\/de\/wp-content\/uploads\/sites\/2\/2024\/08\/Ammonia_01-700x519.jpeg\" \/>\n<meta name=\"twitter:card\" content=\"summary_large_image\" \/>\n<meta name=\"twitter:label1\" content=\"Gesch\u00e4tzte Lesezeit\" \/>\n\t<meta name=\"twitter:data1\" content=\"4\u00a0Minuten\" \/>\n<script type=\"application\/ld+json\" class=\"yoast-schema-graph\">{\"@context\":\"https:\\\/\\\/schema.org\",\"@graph\":[{\"@type\":\"WebPage\",\"@id\":\"https:\\\/\\\/www.grandperspective.de\\\/de\\\/technologie\\\/\",\"url\":\"https:\\\/\\\/www.grandperspective.de\\\/de\\\/technologie\\\/\",\"name\":\"scanfeld\u00ae findet, dokumentiert und meldet alle Emissionen in Echtzeit &#8226; GRANDPERSPECTIVE DE\",\"isPartOf\":{\"@id\":\"https:\\\/\\\/www.grandperspective.de\\\/de\\\/#website\"},\"primaryImageOfPage\":{\"@id\":\"https:\\\/\\\/www.grandperspective.de\\\/de\\\/technologie\\\/#primaryimage\"},\"image\":{\"@id\":\"https:\\\/\\\/www.grandperspective.de\\\/de\\\/technologie\\\/#primaryimage\"},\"thumbnailUrl\":\"https:\\\/\\\/www.grandperspective.de\\\/de\\\/wp-content\\\/uploads\\\/sites\\\/2\\\/2024\\\/08\\\/Ammonia_01-700x519.jpeg\",\"datePublished\":\"2024-08-23T06:41:23+00:00\",\"dateModified\":\"2024-09-19T14:20:58+00:00\",\"breadcrumb\":{\"@id\":\"https:\\\/\\\/www.grandperspective.de\\\/de\\\/technologie\\\/#breadcrumb\"},\"inLanguage\":\"de\",\"potentialAction\":[{\"@type\":\"ReadAction\",\"target\":[\"https:\\\/\\\/www.grandperspective.de\\\/de\\\/technologie\\\/\"]}]},{\"@type\":\"ImageObject\",\"inLanguage\":\"de\",\"@id\":\"https:\\\/\\\/www.grandperspective.de\\\/de\\\/technologie\\\/#primaryimage\",\"url\":\"https:\\\/\\\/www.grandperspective.de\\\/de\\\/wp-content\\\/uploads\\\/sites\\\/2\\\/2024\\\/08\\\/Ammonia_01.jpeg\",\"contentUrl\":\"https:\\\/\\\/www.grandperspective.de\\\/de\\\/wp-content\\\/uploads\\\/sites\\\/2\\\/2024\\\/08\\\/Ammonia_01.jpeg\",\"width\":1600,\"height\":1186},{\"@type\":\"BreadcrumbList\",\"@id\":\"https:\\\/\\\/www.grandperspective.de\\\/de\\\/technologie\\\/#breadcrumb\",\"itemListElement\":[{\"@type\":\"ListItem\",\"position\":1,\"name\":\"Startseite\",\"item\":\"https:\\\/\\\/www.grandperspective.de\\\/de\\\/\"},{\"@type\":\"ListItem\",\"position\":2,\"name\":\"scanfeld\u00ae findet, dokumentiert und meldet alle Emissionen in Echtzeit\"}]},{\"@type\":\"WebSite\",\"@id\":\"https:\\\/\\\/www.grandperspective.de\\\/de\\\/#website\",\"url\":\"https:\\\/\\\/www.grandperspective.de\\\/de\\\/\",\"name\":\"GRANDPERSPECTIVE DE\",\"description\":\"Detecting gas leaks from the distance\",\"publisher\":{\"@id\":\"https:\\\/\\\/www.grandperspective.de\\\/de\\\/#organization\"},\"potentialAction\":[{\"@type\":\"SearchAction\",\"target\":{\"@type\":\"EntryPoint\",\"urlTemplate\":\"https:\\\/\\\/www.grandperspective.de\\\/de\\\/?s={search_term_string}\"},\"query-input\":{\"@type\":\"PropertyValueSpecification\",\"valueRequired\":true,\"valueName\":\"search_term_string\"}}],\"inLanguage\":\"de\"},{\"@type\":\"Organization\",\"@id\":\"https:\\\/\\\/www.grandperspective.de\\\/de\\\/#organization\",\"name\":\"Grandperspective\",\"url\":\"https:\\\/\\\/www.grandperspective.de\\\/de\\\/\",\"logo\":{\"@type\":\"ImageObject\",\"inLanguage\":\"de\",\"@id\":\"https:\\\/\\\/www.grandperspective.de\\\/de\\\/#\\\/schema\\\/logo\\\/image\\\/\",\"url\":\"https:\\\/\\\/www.grandperspective.de\\\/de\\\/wp-content\\\/uploads\\\/sites\\\/2\\\/2021\\\/03\\\/GP_Logo_5.5-Monogram_Digital_RGB_whiteBG_small.png\",\"contentUrl\":\"https:\\\/\\\/www.grandperspective.de\\\/de\\\/wp-content\\\/uploads\\\/sites\\\/2\\\/2021\\\/03\\\/GP_Logo_5.5-Monogram_Digital_RGB_whiteBG_small.png\",\"width\":280,\"height\":280,\"caption\":\"Grandperspective\"},\"image\":{\"@id\":\"https:\\\/\\\/www.grandperspective.de\\\/de\\\/#\\\/schema\\\/logo\\\/image\\\/\"},\"sameAs\":[\"https:\\\/\\\/www.linkedin.com\\\/company\\\/grandperspective-gmbh\\\/\",\"https:\\\/\\\/www.youtube.com\\\/channel\\\/UCOR4Eh3SLHwr58wZW8fRpbg\"]}]}<\/script>\n<!-- \/ Yoast SEO plugin. -->","yoast_head_json":{"title":"scanfeld\u00ae findet, dokumentiert und meldet alle Emissionen in Echtzeit &#8226; GRANDPERSPECTIVE DE","robots":{"index":"index","follow":"follow","max-snippet":"max-snippet:-1","max-image-preview":"max-image-preview:large","max-video-preview":"max-video-preview:-1"},"canonical":"https:\/\/www.grandperspective.de\/de\/technologie\/","og_locale":"de_DE","og_type":"article","og_title":"scanfeld\u00ae findet, dokumentiert und meldet alle Emissionen in Echtzeit &#8226; GRANDPERSPECTIVE DE","og_description":"Unser scanfeld\u00ae -System nutzt modernste Fernerkundungstechnologie um gro\u00dfe Gebiete zu \u00fcberwachen. Produktions- und Lagereinrichtungen aller Gr\u00f6\u00dfen k\u00f6nnen rund um die Uhr auf \u00fcber 400 Substanzen aus bis zu einem Kilometer Entfernung \u00fcberwacht werden. Dabei zeigt scanfeld\u00ae eine Echtzeit-Visualisierung der Gasverteilung und -ausbreitung. Das System erkennt einen breiten Konzentrationsbereich \u2013 von einstelligen ppm-Werten bis hin zu... View Article","og_url":"https:\/\/www.grandperspective.de\/de\/technologie\/","og_site_name":"GRANDPERSPECTIVE DE","article_modified_time":"2024-09-19T14:20:58+00:00","og_image":[{"url":"https:\/\/www.grandperspective.de\/de\/wp-content\/uploads\/sites\/2\/2024\/08\/Ammonia_01-700x519.jpeg","type":"","width":"","height":""}],"twitter_card":"summary_large_image","twitter_misc":{"Gesch\u00e4tzte Lesezeit":"4\u00a0Minuten"},"schema":{"@context":"https:\/\/schema.org","@graph":[{"@type":"WebPage","@id":"https:\/\/www.grandperspective.de\/de\/technologie\/","url":"https:\/\/www.grandperspective.de\/de\/technologie\/","name":"scanfeld\u00ae findet, dokumentiert und meldet alle Emissionen in Echtzeit &#8226; GRANDPERSPECTIVE DE","isPartOf":{"@id":"https:\/\/www.grandperspective.de\/de\/#website"},"primaryImageOfPage":{"@id":"https:\/\/www.grandperspective.de\/de\/technologie\/#primaryimage"},"image":{"@id":"https:\/\/www.grandperspective.de\/de\/technologie\/#primaryimage"},"thumbnailUrl":"https:\/\/www.grandperspective.de\/de\/wp-content\/uploads\/sites\/2\/2024\/08\/Ammonia_01-700x519.jpeg","datePublished":"2024-08-23T06:41:23+00:00","dateModified":"2024-09-19T14:20:58+00:00","breadcrumb":{"@id":"https:\/\/www.grandperspective.de\/de\/technologie\/#breadcrumb"},"inLanguage":"de","potentialAction":[{"@type":"ReadAction","target":["https:\/\/www.grandperspective.de\/de\/technologie\/"]}]},{"@type":"ImageObject","inLanguage":"de","@id":"https:\/\/www.grandperspective.de\/de\/technologie\/#primaryimage","url":"https:\/\/www.grandperspective.de\/de\/wp-content\/uploads\/sites\/2\/2024\/08\/Ammonia_01.jpeg","contentUrl":"https:\/\/www.grandperspective.de\/de\/wp-content\/uploads\/sites\/2\/2024\/08\/Ammonia_01.jpeg","width":1600,"height":1186},{"@type":"BreadcrumbList","@id":"https:\/\/www.grandperspective.de\/de\/technologie\/#breadcrumb","itemListElement":[{"@type":"ListItem","position":1,"name":"Startseite","item":"https:\/\/www.grandperspective.de\/de\/"},{"@type":"ListItem","position":2,"name":"scanfeld\u00ae findet, dokumentiert und meldet alle Emissionen in Echtzeit"}]},{"@type":"WebSite","@id":"https:\/\/www.grandperspective.de\/de\/#website","url":"https:\/\/www.grandperspective.de\/de\/","name":"GRANDPERSPECTIVE DE","description":"Detecting gas leaks from the distance","publisher":{"@id":"https:\/\/www.grandperspective.de\/de\/#organization"},"potentialAction":[{"@type":"SearchAction","target":{"@type":"EntryPoint","urlTemplate":"https:\/\/www.grandperspective.de\/de\/?s={search_term_string}"},"query-input":{"@type":"PropertyValueSpecification","valueRequired":true,"valueName":"search_term_string"}}],"inLanguage":"de"},{"@type":"Organization","@id":"https:\/\/www.grandperspective.de\/de\/#organization","name":"Grandperspective","url":"https:\/\/www.grandperspective.de\/de\/","logo":{"@type":"ImageObject","inLanguage":"de","@id":"https:\/\/www.grandperspective.de\/de\/#\/schema\/logo\/image\/","url":"https:\/\/www.grandperspective.de\/de\/wp-content\/uploads\/sites\/2\/2021\/03\/GP_Logo_5.5-Monogram_Digital_RGB_whiteBG_small.png","contentUrl":"https:\/\/www.grandperspective.de\/de\/wp-content\/uploads\/sites\/2\/2021\/03\/GP_Logo_5.5-Monogram_Digital_RGB_whiteBG_small.png","width":280,"height":280,"caption":"Grandperspective"},"image":{"@id":"https:\/\/www.grandperspective.de\/de\/#\/schema\/logo\/image\/"},"sameAs":["https:\/\/www.linkedin.com\/company\/grandperspective-gmbh\/","https:\/\/www.youtube.com\/channel\/UCOR4Eh3SLHwr58wZW8fRpbg"]}]}},"_links":{"self":[{"href":"https:\/\/www.grandperspective.de\/de\/wp-json\/wp\/v2\/pages\/1363","targetHints":{"allow":["GET"]}}],"collection":[{"href":"https:\/\/www.grandperspective.de\/de\/wp-json\/wp\/v2\/pages"}],"about":[{"href":"https:\/\/www.grandperspective.de\/de\/wp-json\/wp\/v2\/types\/page"}],"author":[{"embeddable":true,"href":"https:\/\/www.grandperspective.de\/de\/wp-json\/wp\/v2\/users\/1"}],"replies":[{"embeddable":true,"href":"https:\/\/www.grandperspective.de\/de\/wp-json\/wp\/v2\/comments?post=1363"}],"version-history":[{"count":29,"href":"https:\/\/www.grandperspective.de\/de\/wp-json\/wp\/v2\/pages\/1363\/revisions"}],"predecessor-version":[{"id":1529,"href":"https:\/\/www.grandperspective.de\/de\/wp-json\/wp\/v2\/pages\/1363\/revisions\/1529"}],"wp:attachment":[{"href":"https:\/\/www.grandperspective.de\/de\/wp-json\/wp\/v2\/media?parent=1363"}],"curies":[{"name":"wp","href":"https:\/\/api.w.org\/{rel}","templated":true}]}}