{"id":1365,"date":"2024-08-23T08:41:41","date_gmt":"2024-08-23T06:41:41","guid":{"rendered":"https:\/\/www.grandperspective.de\/de\/?page_id=1365"},"modified":"2024-09-03T09:39:49","modified_gmt":"2024-09-03T07:39:49","slug":"anwendungen","status":"publish","type":"page","link":"https:\/\/www.grandperspective.de\/de\/anwendungen\/","title":{"rendered":"Die richtige L\u00f6sung f\u00fcr Ihre Bed\u00fcrfnisse im Bereich Emissionsmanagement"},"content":{"rendered":"\n<h2 class=\"wp-block-heading\">Mit unserer innovativen L\u00f6sung lassen sich Gaslecks \u00fcberall in Industrieanlagen sofort aufsp\u00fcren.<\/h2>\n\n\n\n<p><\/p>\n\n\n\n<div class=\"wp-block-media-text is-stacked-on-mobile\"><figure class=\"wp-block-media-text__media\"><img loading=\"lazy\" decoding=\"async\" width=\"700\" height=\"467\" src=\"https:\/\/www.grandperspective.de\/de\/wp-content\/uploads\/sites\/2\/2024\/08\/Oil_Gas_416416402-700x467.jpg\" alt=\"\" class=\"wp-image-1453 size-full\" srcset=\"https:\/\/www.grandperspective.de\/de\/wp-content\/uploads\/sites\/2\/2024\/08\/Oil_Gas_416416402-700x467.jpg 700w, https:\/\/www.grandperspective.de\/de\/wp-content\/uploads\/sites\/2\/2024\/08\/Oil_Gas_416416402-250x167.jpg 250w, https:\/\/www.grandperspective.de\/de\/wp-content\/uploads\/sites\/2\/2024\/08\/Oil_Gas_416416402-768x513.jpg 768w, https:\/\/www.grandperspective.de\/de\/wp-content\/uploads\/sites\/2\/2024\/08\/Oil_Gas_416416402-1536x1025.jpg 1536w, https:\/\/www.grandperspective.de\/de\/wp-content\/uploads\/sites\/2\/2024\/08\/Oil_Gas_416416402-120x80.jpg 120w, https:\/\/www.grandperspective.de\/de\/wp-content\/uploads\/sites\/2\/2024\/08\/Oil_Gas_416416402.jpg 1600w\" sizes=\"auto, (max-width: 700px) 100vw, 700px\" \/><\/figure><div class=\"wp-block-media-text__content\">\n<h2 class=\"wp-block-heading\">Energiewirtschaft, \u00d6l und Gas<\/h2>\n\n\n\n<p>Das zuverl\u00e4ssige Erkennen von Methan und fl\u00fcchtigen Emissionen erh\u00f6ht die Sicherheit bei der Erd\u00f6l- und Erdgasf\u00f6rderung.<\/p>\n\n\n\n<p class=\"has-text-align-right\"><a href=\"https:\/\/www.welkinmedia.at\/Archiv\/Chemie-Zeitschrift\/2024\/03\/#page=20\" target=\"_blank\" rel=\"noreferrer noopener\">mehr<\/a><\/p>\n<\/div><\/div>\n\n\n\n<div class=\"wp-block-media-text is-stacked-on-mobile\"><figure class=\"wp-block-media-text__media\"><img loading=\"lazy\" decoding=\"async\" width=\"700\" height=\"467\" src=\"https:\/\/www.grandperspective.de\/de\/wp-content\/uploads\/sites\/2\/2024\/08\/Refinery_2466848557-700x467.jpg\" alt=\"\" class=\"wp-image-1452 size-full\" srcset=\"https:\/\/www.grandperspective.de\/de\/wp-content\/uploads\/sites\/2\/2024\/08\/Refinery_2466848557-700x467.jpg 700w, https:\/\/www.grandperspective.de\/de\/wp-content\/uploads\/sites\/2\/2024\/08\/Refinery_2466848557-250x167.jpg 250w, https:\/\/www.grandperspective.de\/de\/wp-content\/uploads\/sites\/2\/2024\/08\/Refinery_2466848557-768x512.jpg 768w, https:\/\/www.grandperspective.de\/de\/wp-content\/uploads\/sites\/2\/2024\/08\/Refinery_2466848557-1536x1024.jpg 1536w, https:\/\/www.grandperspective.de\/de\/wp-content\/uploads\/sites\/2\/2024\/08\/Refinery_2466848557-120x80.jpg 120w, https:\/\/www.grandperspective.de\/de\/wp-content\/uploads\/sites\/2\/2024\/08\/Refinery_2466848557.jpg 1852w\" sizes=\"auto, (max-width: 700px) 100vw, 700px\" \/><\/figure><div class=\"wp-block-media-text__content\">\n<h2 class=\"wp-block-heading\">Raffinerien und Petrochemie<\/h2>\n\n\n\n<p>\u00dcberwachung von Raffinerien auf gef\u00e4hrliche Emissionen von Kohlenwasserstoffen und anderen Substanzen<\/p>\n\n\n\n<p class=\"has-text-align-right\"><a href=\"https:\/\/www.grandperspective.de\/de\/wp-content\/uploads\/sites\/2\/2024\/04\/2024-03_Nachrichten_aus_der_-Chemie_Grandperspective.pdf\" target=\"_blank\" rel=\"noreferrer noopener\">mehr<\/a><\/p>\n<\/div><\/div>\n\n\n\n<div class=\"wp-block-media-text is-stacked-on-mobile\"><figure class=\"wp-block-media-text__media\"><img loading=\"lazy\" decoding=\"async\" width=\"700\" height=\"467\" src=\"https:\/\/www.grandperspective.de\/de\/wp-content\/uploads\/sites\/2\/2024\/08\/Fertilizer_1927004411-700x467.jpg\" alt=\"\" class=\"wp-image-1451 size-full\" srcset=\"https:\/\/www.grandperspective.de\/de\/wp-content\/uploads\/sites\/2\/2024\/08\/Fertilizer_1927004411-700x467.jpg 700w, https:\/\/www.grandperspective.de\/de\/wp-content\/uploads\/sites\/2\/2024\/08\/Fertilizer_1927004411-250x167.jpg 250w, https:\/\/www.grandperspective.de\/de\/wp-content\/uploads\/sites\/2\/2024\/08\/Fertilizer_1927004411-768x512.jpg 768w, https:\/\/www.grandperspective.de\/de\/wp-content\/uploads\/sites\/2\/2024\/08\/Fertilizer_1927004411-1536x1024.jpg 1536w, https:\/\/www.grandperspective.de\/de\/wp-content\/uploads\/sites\/2\/2024\/08\/Fertilizer_1927004411-120x80.jpg 120w, https:\/\/www.grandperspective.de\/de\/wp-content\/uploads\/sites\/2\/2024\/08\/Fertilizer_1927004411.jpg 1600w\" sizes=\"auto, (max-width: 700px) 100vw, 700px\" \/><\/figure><div class=\"wp-block-media-text__content\">\n<h2 class=\"wp-block-heading\">Chemische Industrie und D\u00fcngemittel<\/h2>\n\n\n\n<p>Mehr Sicherheit bei der Produktion von Ammoniak, Melamin, Halogenkohlenwasserstoffen und anderen Massenchemikalien. scanfeld\u00ae hilft nachweislich, gef\u00e4hrliche Gasemissionen zu vermeiden.<\/p>\n\n\n\n<p class=\"has-text-align-right\"><a href=\"https:\/\/www.chemietechnik.de\/anlagentechnik\/mess-analysetechnik\/gasueberwachung-von-chemieanlagen-mittels-ftir-fernerkundung-62-986.html\" target=\"_blank\" rel=\"noreferrer noopener\">mehr<\/a><\/p>\n<\/div><\/div>\n\n\n\n<div class=\"wp-block-media-text is-stacked-on-mobile\"><figure class=\"wp-block-media-text__media\"><img loading=\"lazy\" decoding=\"async\" width=\"700\" height=\"467\" src=\"https:\/\/www.grandperspective.de\/de\/wp-content\/uploads\/sites\/2\/2024\/08\/Terminal_2400296563-700x467.jpg\" alt=\"\" class=\"wp-image-1454 size-full\" srcset=\"https:\/\/www.grandperspective.de\/de\/wp-content\/uploads\/sites\/2\/2024\/08\/Terminal_2400296563-700x467.jpg 700w, https:\/\/www.grandperspective.de\/de\/wp-content\/uploads\/sites\/2\/2024\/08\/Terminal_2400296563-250x167.jpg 250w, https:\/\/www.grandperspective.de\/de\/wp-content\/uploads\/sites\/2\/2024\/08\/Terminal_2400296563-768x512.jpg 768w, https:\/\/www.grandperspective.de\/de\/wp-content\/uploads\/sites\/2\/2024\/08\/Terminal_2400296563-120x80.jpg 120w, https:\/\/www.grandperspective.de\/de\/wp-content\/uploads\/sites\/2\/2024\/08\/Terminal_2400296563.jpg 1422w\" sizes=\"auto, (max-width: 700px) 100vw, 700px\" \/><\/figure><div class=\"wp-block-media-text__content\">\n<h2 class=\"wp-block-heading\">Storage and Handling Areas<\/h2>\n\n\n\n<p>Advanced safety solutions for loading areas and tank farms, ensuring comprehensive monitoring and risk mitigation.<\/p>\n\n\n\n<p class=\"has-text-align-right\">mehr<\/p>\n<\/div><\/div>\n","protected":false},"excerpt":{"rendered":"Mit unserer innovativen L\u00f6sung lassen sich Gaslecks \u00fcberall in Industrieanlagen sofort aufsp\u00fcren. Energiewirtschaft, \u00d6l und Gas Das zuverl\u00e4ssige Erkennen von Methan und fl\u00fcchtigen Emissionen erh\u00f6ht die Sicherheit bei der Erd\u00f6l- und Erdgasf\u00f6rderung. mehr Raffinerien und Petrochemie \u00dcberwachung von Raffinerien auf gef\u00e4hrliche Emissionen von Kohlenwasserstoffen und anderen Substanzen mehr Chemische Industrie und D\u00fcngemittel Mehr Sicherheit bei&#8230; <a class=\"view-article\" href=\"https:\/\/www.grandperspective.de\/de\/anwendungen\/\">View Article<\/a>","protected":false},"author":1,"featured_media":0,"parent":0,"menu_order":0,"comment_status":"closed","ping_status":"closed","template":"","meta":{"_acf_changed":false,"content-type":"","inline_featured_image":false,"footnotes":""},"class_list":["post-1365","page","type-page","status-publish","hentry"],"acf":[],"yoast_head":"<!-- This site is optimized with the Yoast SEO plugin v27.4 - https:\/\/yoast.com\/product\/yoast-seo-wordpress\/ -->\n<title>Die richtige L\u00f6sung f\u00fcr Ihre Bed\u00fcrfnisse im Bereich Emissionsmanagement &#8226; GRANDPERSPECTIVE DE<\/title>\n<meta name=\"robots\" content=\"index, follow, max-snippet:-1, max-image-preview:large, max-video-preview:-1\" \/>\n<link rel=\"canonical\" href=\"https:\/\/www.grandperspective.de\/de\/anwendungen\/\" \/>\n<meta property=\"og:locale\" content=\"de_DE\" \/>\n<meta property=\"og:type\" content=\"article\" \/>\n<meta property=\"og:title\" content=\"Die richtige L\u00f6sung f\u00fcr Ihre Bed\u00fcrfnisse im Bereich Emissionsmanagement &#8226; GRANDPERSPECTIVE DE\" \/>\n<meta property=\"og:description\" content=\"Mit unserer innovativen L\u00f6sung lassen sich Gaslecks \u00fcberall in Industrieanlagen sofort aufsp\u00fcren. Energiewirtschaft, \u00d6l und Gas Das zuverl\u00e4ssige Erkennen von Methan und fl\u00fcchtigen Emissionen erh\u00f6ht die Sicherheit bei der Erd\u00f6l- und Erdgasf\u00f6rderung. mehr Raffinerien und Petrochemie \u00dcberwachung von Raffinerien auf gef\u00e4hrliche Emissionen von Kohlenwasserstoffen und anderen Substanzen mehr Chemische Industrie und D\u00fcngemittel Mehr Sicherheit bei... View Article\" \/>\n<meta property=\"og:url\" content=\"https:\/\/www.grandperspective.de\/de\/anwendungen\/\" \/>\n<meta property=\"og:site_name\" content=\"GRANDPERSPECTIVE DE\" \/>\n<meta property=\"article:modified_time\" content=\"2024-09-03T07:39:49+00:00\" \/>\n<meta property=\"og:image\" content=\"https:\/\/www.grandperspective.de\/de\/wp-content\/uploads\/sites\/2\/2024\/08\/Oil_Gas_416416402-700x467.jpg\" \/>\n<meta name=\"twitter:card\" content=\"summary_large_image\" \/>\n<meta name=\"twitter:label1\" content=\"Gesch\u00e4tzte Lesezeit\" \/>\n\t<meta name=\"twitter:data1\" content=\"2\u00a0Minuten\" \/>\n<script type=\"application\/ld+json\" class=\"yoast-schema-graph\">{\"@context\":\"https:\\\/\\\/schema.org\",\"@graph\":[{\"@type\":\"WebPage\",\"@id\":\"https:\\\/\\\/www.grandperspective.de\\\/de\\\/anwendungen\\\/\",\"url\":\"https:\\\/\\\/www.grandperspective.de\\\/de\\\/anwendungen\\\/\",\"name\":\"Die richtige L\u00f6sung f\u00fcr Ihre Bed\u00fcrfnisse im Bereich Emissionsmanagement &#8226; GRANDPERSPECTIVE DE\",\"isPartOf\":{\"@id\":\"https:\\\/\\\/www.grandperspective.de\\\/de\\\/#website\"},\"primaryImageOfPage\":{\"@id\":\"https:\\\/\\\/www.grandperspective.de\\\/de\\\/anwendungen\\\/#primaryimage\"},\"image\":{\"@id\":\"https:\\\/\\\/www.grandperspective.de\\\/de\\\/anwendungen\\\/#primaryimage\"},\"thumbnailUrl\":\"https:\\\/\\\/www.grandperspective.de\\\/de\\\/wp-content\\\/uploads\\\/sites\\\/2\\\/2024\\\/08\\\/Oil_Gas_416416402-700x467.jpg\",\"datePublished\":\"2024-08-23T06:41:41+00:00\",\"dateModified\":\"2024-09-03T07:39:49+00:00\",\"breadcrumb\":{\"@id\":\"https:\\\/\\\/www.grandperspective.de\\\/de\\\/anwendungen\\\/#breadcrumb\"},\"inLanguage\":\"de\",\"potentialAction\":[{\"@type\":\"ReadAction\",\"target\":[\"https:\\\/\\\/www.grandperspective.de\\\/de\\\/anwendungen\\\/\"]}]},{\"@type\":\"ImageObject\",\"inLanguage\":\"de\",\"@id\":\"https:\\\/\\\/www.grandperspective.de\\\/de\\\/anwendungen\\\/#primaryimage\",\"url\":\"https:\\\/\\\/www.grandperspective.de\\\/de\\\/wp-content\\\/uploads\\\/sites\\\/2\\\/2024\\\/08\\\/Oil_Gas_416416402.jpg\",\"contentUrl\":\"https:\\\/\\\/www.grandperspective.de\\\/de\\\/wp-content\\\/uploads\\\/sites\\\/2\\\/2024\\\/08\\\/Oil_Gas_416416402.jpg\",\"width\":1600,\"height\":1068,\"caption\":\"Molecular sieve dehydration system : Oil and gas Refinery\"},{\"@type\":\"BreadcrumbList\",\"@id\":\"https:\\\/\\\/www.grandperspective.de\\\/de\\\/anwendungen\\\/#breadcrumb\",\"itemListElement\":[{\"@type\":\"ListItem\",\"position\":1,\"name\":\"Startseite\",\"item\":\"https:\\\/\\\/www.grandperspective.de\\\/de\\\/\"},{\"@type\":\"ListItem\",\"position\":2,\"name\":\"Die richtige L\u00f6sung f\u00fcr Ihre Bed\u00fcrfnisse im Bereich Emissionsmanagement\"}]},{\"@type\":\"WebSite\",\"@id\":\"https:\\\/\\\/www.grandperspective.de\\\/de\\\/#website\",\"url\":\"https:\\\/\\\/www.grandperspective.de\\\/de\\\/\",\"name\":\"GRANDPERSPECTIVE DE\",\"description\":\"Detecting gas leaks from the distance\",\"publisher\":{\"@id\":\"https:\\\/\\\/www.grandperspective.de\\\/de\\\/#organization\"},\"potentialAction\":[{\"@type\":\"SearchAction\",\"target\":{\"@type\":\"EntryPoint\",\"urlTemplate\":\"https:\\\/\\\/www.grandperspective.de\\\/de\\\/?s={search_term_string}\"},\"query-input\":{\"@type\":\"PropertyValueSpecification\",\"valueRequired\":true,\"valueName\":\"search_term_string\"}}],\"inLanguage\":\"de\"},{\"@type\":\"Organization\",\"@id\":\"https:\\\/\\\/www.grandperspective.de\\\/de\\\/#organization\",\"name\":\"Grandperspective\",\"url\":\"https:\\\/\\\/www.grandperspective.de\\\/de\\\/\",\"logo\":{\"@type\":\"ImageObject\",\"inLanguage\":\"de\",\"@id\":\"https:\\\/\\\/www.grandperspective.de\\\/de\\\/#\\\/schema\\\/logo\\\/image\\\/\",\"url\":\"https:\\\/\\\/www.grandperspective.de\\\/de\\\/wp-content\\\/uploads\\\/sites\\\/2\\\/2021\\\/03\\\/GP_Logo_5.5-Monogram_Digital_RGB_whiteBG_small.png\",\"contentUrl\":\"https:\\\/\\\/www.grandperspective.de\\\/de\\\/wp-content\\\/uploads\\\/sites\\\/2\\\/2021\\\/03\\\/GP_Logo_5.5-Monogram_Digital_RGB_whiteBG_small.png\",\"width\":280,\"height\":280,\"caption\":\"Grandperspective\"},\"image\":{\"@id\":\"https:\\\/\\\/www.grandperspective.de\\\/de\\\/#\\\/schema\\\/logo\\\/image\\\/\"},\"sameAs\":[\"https:\\\/\\\/www.linkedin.com\\\/company\\\/grandperspective-gmbh\\\/\",\"https:\\\/\\\/www.youtube.com\\\/channel\\\/UCOR4Eh3SLHwr58wZW8fRpbg\"]}]}<\/script>\n<!-- \/ Yoast SEO plugin. -->","yoast_head_json":{"title":"Die richtige L\u00f6sung f\u00fcr Ihre Bed\u00fcrfnisse im Bereich Emissionsmanagement &#8226; GRANDPERSPECTIVE DE","robots":{"index":"index","follow":"follow","max-snippet":"max-snippet:-1","max-image-preview":"max-image-preview:large","max-video-preview":"max-video-preview:-1"},"canonical":"https:\/\/www.grandperspective.de\/de\/anwendungen\/","og_locale":"de_DE","og_type":"article","og_title":"Die richtige L\u00f6sung f\u00fcr Ihre Bed\u00fcrfnisse im Bereich Emissionsmanagement &#8226; GRANDPERSPECTIVE DE","og_description":"Mit unserer innovativen L\u00f6sung lassen sich Gaslecks \u00fcberall in Industrieanlagen sofort aufsp\u00fcren. Energiewirtschaft, \u00d6l und Gas Das zuverl\u00e4ssige Erkennen von Methan und fl\u00fcchtigen Emissionen erh\u00f6ht die Sicherheit bei der Erd\u00f6l- und Erdgasf\u00f6rderung. mehr Raffinerien und Petrochemie \u00dcberwachung von Raffinerien auf gef\u00e4hrliche Emissionen von Kohlenwasserstoffen und anderen Substanzen mehr Chemische Industrie und D\u00fcngemittel Mehr Sicherheit bei... View Article","og_url":"https:\/\/www.grandperspective.de\/de\/anwendungen\/","og_site_name":"GRANDPERSPECTIVE DE","article_modified_time":"2024-09-03T07:39:49+00:00","og_image":[{"url":"https:\/\/www.grandperspective.de\/de\/wp-content\/uploads\/sites\/2\/2024\/08\/Oil_Gas_416416402-700x467.jpg","type":"","width":"","height":""}],"twitter_card":"summary_large_image","twitter_misc":{"Gesch\u00e4tzte Lesezeit":"2\u00a0Minuten"},"schema":{"@context":"https:\/\/schema.org","@graph":[{"@type":"WebPage","@id":"https:\/\/www.grandperspective.de\/de\/anwendungen\/","url":"https:\/\/www.grandperspective.de\/de\/anwendungen\/","name":"Die richtige L\u00f6sung f\u00fcr Ihre Bed\u00fcrfnisse im Bereich Emissionsmanagement &#8226; GRANDPERSPECTIVE DE","isPartOf":{"@id":"https:\/\/www.grandperspective.de\/de\/#website"},"primaryImageOfPage":{"@id":"https:\/\/www.grandperspective.de\/de\/anwendungen\/#primaryimage"},"image":{"@id":"https:\/\/www.grandperspective.de\/de\/anwendungen\/#primaryimage"},"thumbnailUrl":"https:\/\/www.grandperspective.de\/de\/wp-content\/uploads\/sites\/2\/2024\/08\/Oil_Gas_416416402-700x467.jpg","datePublished":"2024-08-23T06:41:41+00:00","dateModified":"2024-09-03T07:39:49+00:00","breadcrumb":{"@id":"https:\/\/www.grandperspective.de\/de\/anwendungen\/#breadcrumb"},"inLanguage":"de","potentialAction":[{"@type":"ReadAction","target":["https:\/\/www.grandperspective.de\/de\/anwendungen\/"]}]},{"@type":"ImageObject","inLanguage":"de","@id":"https:\/\/www.grandperspective.de\/de\/anwendungen\/#primaryimage","url":"https:\/\/www.grandperspective.de\/de\/wp-content\/uploads\/sites\/2\/2024\/08\/Oil_Gas_416416402.jpg","contentUrl":"https:\/\/www.grandperspective.de\/de\/wp-content\/uploads\/sites\/2\/2024\/08\/Oil_Gas_416416402.jpg","width":1600,"height":1068,"caption":"Molecular sieve dehydration system : Oil and gas Refinery"},{"@type":"BreadcrumbList","@id":"https:\/\/www.grandperspective.de\/de\/anwendungen\/#breadcrumb","itemListElement":[{"@type":"ListItem","position":1,"name":"Startseite","item":"https:\/\/www.grandperspective.de\/de\/"},{"@type":"ListItem","position":2,"name":"Die richtige L\u00f6sung f\u00fcr Ihre Bed\u00fcrfnisse im Bereich Emissionsmanagement"}]},{"@type":"WebSite","@id":"https:\/\/www.grandperspective.de\/de\/#website","url":"https:\/\/www.grandperspective.de\/de\/","name":"GRANDPERSPECTIVE DE","description":"Detecting gas leaks from the distance","publisher":{"@id":"https:\/\/www.grandperspective.de\/de\/#organization"},"potentialAction":[{"@type":"SearchAction","target":{"@type":"EntryPoint","urlTemplate":"https:\/\/www.grandperspective.de\/de\/?s={search_term_string}"},"query-input":{"@type":"PropertyValueSpecification","valueRequired":true,"valueName":"search_term_string"}}],"inLanguage":"de"},{"@type":"Organization","@id":"https:\/\/www.grandperspective.de\/de\/#organization","name":"Grandperspective","url":"https:\/\/www.grandperspective.de\/de\/","logo":{"@type":"ImageObject","inLanguage":"de","@id":"https:\/\/www.grandperspective.de\/de\/#\/schema\/logo\/image\/","url":"https:\/\/www.grandperspective.de\/de\/wp-content\/uploads\/sites\/2\/2021\/03\/GP_Logo_5.5-Monogram_Digital_RGB_whiteBG_small.png","contentUrl":"https:\/\/www.grandperspective.de\/de\/wp-content\/uploads\/sites\/2\/2021\/03\/GP_Logo_5.5-Monogram_Digital_RGB_whiteBG_small.png","width":280,"height":280,"caption":"Grandperspective"},"image":{"@id":"https:\/\/www.grandperspective.de\/de\/#\/schema\/logo\/image\/"},"sameAs":["https:\/\/www.linkedin.com\/company\/grandperspective-gmbh\/","https:\/\/www.youtube.com\/channel\/UCOR4Eh3SLHwr58wZW8fRpbg"]}]}},"_links":{"self":[{"href":"https:\/\/www.grandperspective.de\/de\/wp-json\/wp\/v2\/pages\/1365","targetHints":{"allow":["GET"]}}],"collection":[{"href":"https:\/\/www.grandperspective.de\/de\/wp-json\/wp\/v2\/pages"}],"about":[{"href":"https:\/\/www.grandperspective.de\/de\/wp-json\/wp\/v2\/types\/page"}],"author":[{"embeddable":true,"href":"https:\/\/www.grandperspective.de\/de\/wp-json\/wp\/v2\/users\/1"}],"replies":[{"embeddable":true,"href":"https:\/\/www.grandperspective.de\/de\/wp-json\/wp\/v2\/comments?post=1365"}],"version-history":[{"count":9,"href":"https:\/\/www.grandperspective.de\/de\/wp-json\/wp\/v2\/pages\/1365\/revisions"}],"predecessor-version":[{"id":1478,"href":"https:\/\/www.grandperspective.de\/de\/wp-json\/wp\/v2\/pages\/1365\/revisions\/1478"}],"wp:attachment":[{"href":"https:\/\/www.grandperspective.de\/de\/wp-json\/wp\/v2\/media?parent=1365"}],"curies":[{"name":"wp","href":"https:\/\/api.w.org\/{rel}","templated":true}]}}