{"id":18,"date":"2021-01-16T17:43:53","date_gmt":"2021-01-16T16:43:53","guid":{"rendered":"https:\/\/www.grandperspective.de\/de\/?page_id=18"},"modified":"2025-12-01T10:39:55","modified_gmt":"2025-12-01T09:39:55","slug":"wir-sind-grandperspective","status":"publish","type":"page","link":"https:\/\/www.grandperspective.de\/de\/wir-sind-grandperspective\/","title":{"rendered":"\u00dcber uns"},"content":{"rendered":"\n<p>Grandperspective ist ein Deep-Tech-Innovator, der Pionierarbeit im Bereich Chemical Intelligence f\u00fcr Industrieanlagen leistet.<\/p>\n\n\n\n<p>Wir sind ein junges und vielf\u00e4ltiges Team aus Wissenschaftlern, Ingenieuren und Branchenexperten unter der Leitung von CEO und Mitgr\u00fcnder <a href=\"https:\/\/www.grandperspective.de\/de\/wir-sind-grandperspective\/team\/peter-maas\/\">Peter Maas<\/a>, einem Experten f\u00fcr Fernerkundung.<\/p>\n\n\n\n<p>Basierend auf einer patentierten Sensor- und Analysetechnologie, die \u00fcber 400 Chemikalien \u00fcber gro\u00dfe Entfernungen hinweg erkennt, visualisiert und lokalisiert das scanfeld\u00ae-System automatisch Gaswolken, warnt vor Gaslecks und liefert Emissionsberichte in Echtzeit.<\/p>\n\n\n\n<p>Unsere Mission ist es, komplexe Industriestandorte mit kontinuierliche Situationserkennung, chemischer Sicherheit und Emissionsintelligenz auszur\u00fcsten.<\/p>\n","protected":false},"excerpt":{"rendered":"Grandperspective ist ein Deep-Tech-Innovator, der Pionierarbeit im Bereich Chemical Intelligence f\u00fcr Industrieanlagen leistet. Wir sind ein junges und vielf\u00e4ltiges Team aus Wissenschaftlern, Ingenieuren und Branchenexperten unter der Leitung von CEO und Mitgr\u00fcnder Peter Maas, einem Experten f\u00fcr Fernerkundung. Basierend auf einer patentierten Sensor- und Analysetechnologie, die \u00fcber 400 Chemikalien \u00fcber gro\u00dfe Entfernungen hinweg erkennt, visualisiert&#8230; <a class=\"view-article\" href=\"https:\/\/www.grandperspective.de\/de\/wir-sind-grandperspective\/\">View Article<\/a>","protected":false},"author":1,"featured_media":0,"parent":0,"menu_order":40,"comment_status":"closed","ping_status":"closed","template":"","meta":{"_acf_changed":false,"content-type":"","inline_featured_image":false,"footnotes":""},"class_list":["post-18","page","type-page","status-publish","hentry"],"acf":[],"yoast_head":"<!-- This site is optimized with the Yoast SEO plugin v27.4 - https:\/\/yoast.com\/product\/yoast-seo-wordpress\/ -->\n<title>Grandperspective GmbH &#8226; Made in Berlin &#8226; \u00dcber uns<\/title>\n<meta name=\"description\" content=\"Grandperspective ist ein Berliner Startup. Das Gr\u00fcnderteam bringt \u00fcber 25 Jahre an Erfahrung mit Remote Sensing Systemen mit.\" \/>\n<meta name=\"robots\" content=\"index, follow, max-snippet:-1, max-image-preview:large, max-video-preview:-1\" \/>\n<link rel=\"canonical\" href=\"https:\/\/www.grandperspective.de\/de\/wir-sind-grandperspective\/\" \/>\n<meta property=\"og:locale\" content=\"de_DE\" \/>\n<meta property=\"og:type\" content=\"article\" \/>\n<meta property=\"og:title\" content=\"Grandperspective GmbH &#8226; Made in Berlin &#8226; \u00dcber uns\" \/>\n<meta property=\"og:description\" content=\"Grandperspective ist ein Berliner Startup. Das Gr\u00fcnderteam bringt \u00fcber 25 Jahre an Erfahrung mit Remote Sensing Systemen mit.\" \/>\n<meta property=\"og:url\" content=\"https:\/\/www.grandperspective.de\/de\/wir-sind-grandperspective\/\" \/>\n<meta property=\"og:site_name\" content=\"GRANDPERSPECTIVE DE\" \/>\n<meta property=\"article:modified_time\" content=\"2025-12-01T09:39:55+00:00\" \/>\n<meta name=\"twitter:card\" content=\"summary_large_image\" \/>\n<meta name=\"twitter:label1\" content=\"Gesch\u00e4tzte Lesezeit\" \/>\n\t<meta name=\"twitter:data1\" content=\"1\u00a0Minute\" \/>\n<script type=\"application\/ld+json\" class=\"yoast-schema-graph\">{\"@context\":\"https:\\\/\\\/schema.org\",\"@graph\":[{\"@type\":\"WebPage\",\"@id\":\"https:\\\/\\\/www.grandperspective.de\\\/de\\\/wir-sind-grandperspective\\\/\",\"url\":\"https:\\\/\\\/www.grandperspective.de\\\/de\\\/wir-sind-grandperspective\\\/\",\"name\":\"Grandperspective GmbH &#8226; Made in Berlin &#8226; \u00dcber uns\",\"isPartOf\":{\"@id\":\"https:\\\/\\\/www.grandperspective.de\\\/de\\\/#website\"},\"datePublished\":\"2021-01-16T16:43:53+00:00\",\"dateModified\":\"2025-12-01T09:39:55+00:00\",\"description\":\"Grandperspective ist ein Berliner Startup. Das Gr\u00fcnderteam bringt \u00fcber 25 Jahre an Erfahrung mit Remote Sensing Systemen mit.\",\"breadcrumb\":{\"@id\":\"https:\\\/\\\/www.grandperspective.de\\\/de\\\/wir-sind-grandperspective\\\/#breadcrumb\"},\"inLanguage\":\"de\",\"potentialAction\":[{\"@type\":\"ReadAction\",\"target\":[\"https:\\\/\\\/www.grandperspective.de\\\/de\\\/wir-sind-grandperspective\\\/\"]}]},{\"@type\":\"BreadcrumbList\",\"@id\":\"https:\\\/\\\/www.grandperspective.de\\\/de\\\/wir-sind-grandperspective\\\/#breadcrumb\",\"itemListElement\":[{\"@type\":\"ListItem\",\"position\":1,\"name\":\"Startseite\",\"item\":\"https:\\\/\\\/www.grandperspective.de\\\/de\\\/\"},{\"@type\":\"ListItem\",\"position\":2,\"name\":\"\u00dcber uns\"}]},{\"@type\":\"WebSite\",\"@id\":\"https:\\\/\\\/www.grandperspective.de\\\/de\\\/#website\",\"url\":\"https:\\\/\\\/www.grandperspective.de\\\/de\\\/\",\"name\":\"GRANDPERSPECTIVE DE\",\"description\":\"Detecting gas leaks from the distance\",\"publisher\":{\"@id\":\"https:\\\/\\\/www.grandperspective.de\\\/de\\\/#organization\"},\"potentialAction\":[{\"@type\":\"SearchAction\",\"target\":{\"@type\":\"EntryPoint\",\"urlTemplate\":\"https:\\\/\\\/www.grandperspective.de\\\/de\\\/?s={search_term_string}\"},\"query-input\":{\"@type\":\"PropertyValueSpecification\",\"valueRequired\":true,\"valueName\":\"search_term_string\"}}],\"inLanguage\":\"de\"},{\"@type\":\"Organization\",\"@id\":\"https:\\\/\\\/www.grandperspective.de\\\/de\\\/#organization\",\"name\":\"Grandperspective\",\"url\":\"https:\\\/\\\/www.grandperspective.de\\\/de\\\/\",\"logo\":{\"@type\":\"ImageObject\",\"inLanguage\":\"de\",\"@id\":\"https:\\\/\\\/www.grandperspective.de\\\/de\\\/#\\\/schema\\\/logo\\\/image\\\/\",\"url\":\"https:\\\/\\\/www.grandperspective.de\\\/de\\\/wp-content\\\/uploads\\\/sites\\\/2\\\/2021\\\/03\\\/GP_Logo_5.5-Monogram_Digital_RGB_whiteBG_small.png\",\"contentUrl\":\"https:\\\/\\\/www.grandperspective.de\\\/de\\\/wp-content\\\/uploads\\\/sites\\\/2\\\/2021\\\/03\\\/GP_Logo_5.5-Monogram_Digital_RGB_whiteBG_small.png\",\"width\":280,\"height\":280,\"caption\":\"Grandperspective\"},\"image\":{\"@id\":\"https:\\\/\\\/www.grandperspective.de\\\/de\\\/#\\\/schema\\\/logo\\\/image\\\/\"},\"sameAs\":[\"https:\\\/\\\/www.linkedin.com\\\/company\\\/grandperspective-gmbh\\\/\",\"https:\\\/\\\/www.youtube.com\\\/channel\\\/UCOR4Eh3SLHwr58wZW8fRpbg\"]}]}<\/script>\n<!-- \/ Yoast SEO plugin. -->","yoast_head_json":{"title":"Grandperspective GmbH &#8226; Made in Berlin &#8226; \u00dcber uns","description":"Grandperspective ist ein Berliner Startup. Das Gr\u00fcnderteam bringt \u00fcber 25 Jahre an Erfahrung mit Remote Sensing Systemen mit.","robots":{"index":"index","follow":"follow","max-snippet":"max-snippet:-1","max-image-preview":"max-image-preview:large","max-video-preview":"max-video-preview:-1"},"canonical":"https:\/\/www.grandperspective.de\/de\/wir-sind-grandperspective\/","og_locale":"de_DE","og_type":"article","og_title":"Grandperspective GmbH &#8226; Made in Berlin &#8226; \u00dcber uns","og_description":"Grandperspective ist ein Berliner Startup. Das Gr\u00fcnderteam bringt \u00fcber 25 Jahre an Erfahrung mit Remote Sensing Systemen mit.","og_url":"https:\/\/www.grandperspective.de\/de\/wir-sind-grandperspective\/","og_site_name":"GRANDPERSPECTIVE DE","article_modified_time":"2025-12-01T09:39:55+00:00","twitter_card":"summary_large_image","twitter_misc":{"Gesch\u00e4tzte Lesezeit":"1\u00a0Minute"},"schema":{"@context":"https:\/\/schema.org","@graph":[{"@type":"WebPage","@id":"https:\/\/www.grandperspective.de\/de\/wir-sind-grandperspective\/","url":"https:\/\/www.grandperspective.de\/de\/wir-sind-grandperspective\/","name":"Grandperspective GmbH &#8226; Made in Berlin &#8226; \u00dcber uns","isPartOf":{"@id":"https:\/\/www.grandperspective.de\/de\/#website"},"datePublished":"2021-01-16T16:43:53+00:00","dateModified":"2025-12-01T09:39:55+00:00","description":"Grandperspective ist ein Berliner Startup. Das Gr\u00fcnderteam bringt \u00fcber 25 Jahre an Erfahrung mit Remote Sensing Systemen mit.","breadcrumb":{"@id":"https:\/\/www.grandperspective.de\/de\/wir-sind-grandperspective\/#breadcrumb"},"inLanguage":"de","potentialAction":[{"@type":"ReadAction","target":["https:\/\/www.grandperspective.de\/de\/wir-sind-grandperspective\/"]}]},{"@type":"BreadcrumbList","@id":"https:\/\/www.grandperspective.de\/de\/wir-sind-grandperspective\/#breadcrumb","itemListElement":[{"@type":"ListItem","position":1,"name":"Startseite","item":"https:\/\/www.grandperspective.de\/de\/"},{"@type":"ListItem","position":2,"name":"\u00dcber uns"}]},{"@type":"WebSite","@id":"https:\/\/www.grandperspective.de\/de\/#website","url":"https:\/\/www.grandperspective.de\/de\/","name":"GRANDPERSPECTIVE DE","description":"Detecting gas leaks from the distance","publisher":{"@id":"https:\/\/www.grandperspective.de\/de\/#organization"},"potentialAction":[{"@type":"SearchAction","target":{"@type":"EntryPoint","urlTemplate":"https:\/\/www.grandperspective.de\/de\/?s={search_term_string}"},"query-input":{"@type":"PropertyValueSpecification","valueRequired":true,"valueName":"search_term_string"}}],"inLanguage":"de"},{"@type":"Organization","@id":"https:\/\/www.grandperspective.de\/de\/#organization","name":"Grandperspective","url":"https:\/\/www.grandperspective.de\/de\/","logo":{"@type":"ImageObject","inLanguage":"de","@id":"https:\/\/www.grandperspective.de\/de\/#\/schema\/logo\/image\/","url":"https:\/\/www.grandperspective.de\/de\/wp-content\/uploads\/sites\/2\/2021\/03\/GP_Logo_5.5-Monogram_Digital_RGB_whiteBG_small.png","contentUrl":"https:\/\/www.grandperspective.de\/de\/wp-content\/uploads\/sites\/2\/2021\/03\/GP_Logo_5.5-Monogram_Digital_RGB_whiteBG_small.png","width":280,"height":280,"caption":"Grandperspective"},"image":{"@id":"https:\/\/www.grandperspective.de\/de\/#\/schema\/logo\/image\/"},"sameAs":["https:\/\/www.linkedin.com\/company\/grandperspective-gmbh\/","https:\/\/www.youtube.com\/channel\/UCOR4Eh3SLHwr58wZW8fRpbg"]}]}},"_links":{"self":[{"href":"https:\/\/www.grandperspective.de\/de\/wp-json\/wp\/v2\/pages\/18","targetHints":{"allow":["GET"]}}],"collection":[{"href":"https:\/\/www.grandperspective.de\/de\/wp-json\/wp\/v2\/pages"}],"about":[{"href":"https:\/\/www.grandperspective.de\/de\/wp-json\/wp\/v2\/types\/page"}],"author":[{"embeddable":true,"href":"https:\/\/www.grandperspective.de\/de\/wp-json\/wp\/v2\/users\/1"}],"replies":[{"embeddable":true,"href":"https:\/\/www.grandperspective.de\/de\/wp-json\/wp\/v2\/comments?post=18"}],"version-history":[{"count":20,"href":"https:\/\/www.grandperspective.de\/de\/wp-json\/wp\/v2\/pages\/18\/revisions"}],"predecessor-version":[{"id":1610,"href":"https:\/\/www.grandperspective.de\/de\/wp-json\/wp\/v2\/pages\/18\/revisions\/1610"}],"wp:attachment":[{"href":"https:\/\/www.grandperspective.de\/de\/wp-json\/wp\/v2\/media?parent=18"}],"curies":[{"name":"wp","href":"https:\/\/api.w.org\/{rel}","templated":true}]}}