{"id":389,"date":"2021-03-05T19:02:43","date_gmt":"2021-03-05T18:02:43","guid":{"rendered":"https:\/\/www.grandperspective.de\/de\/?page_id=389"},"modified":"2025-04-17T14:30:25","modified_gmt":"2025-04-17T12:30:25","slug":"peter-maas","status":"publish","type":"page","link":"https:\/\/www.grandperspective.de\/de\/wir-sind-grandperspective\/team\/peter-maas\/","title":{"rendered":"Peter Maas"},"content":{"rendered":"\n<p>Peter Maas ist erfahrener Experte im Bereich der FTIR Spektroskopie und Fernerkundung. In seiner Rolle als Global Application Manager f\u00fcr Remote Sensing bei der Bruker Optik GmbH war er weltweit f\u00fcr Applikation, Training und die Betreuung wissenschaftlicher Projekte verantwortlich. Peter Maas hat als Experte f\u00fcr Remote Sensing Projekte von Zivilschutz bis zur industriellen Anwendung betreut.<\/p>\n","protected":false},"excerpt":{"rendered":"Peter Maas ist erfahrener Experte im Bereich der FTIR Spektroskopie und Fernerkundung. In seiner Rolle als Global Application Manager f\u00fcr Remote Sensing bei der Bruker Optik GmbH war er weltweit f\u00fcr Applikation, Training und die Betreuung wissenschaftlicher Projekte verantwortlich. Peter Maas hat als Experte f\u00fcr Remote Sensing Projekte von Zivilschutz bis zur industriellen Anwendung betreut.","protected":false},"author":1,"featured_media":346,"parent":22,"menu_order":20,"comment_status":"closed","ping_status":"closed","template":"template-team-member.php","meta":{"_acf_changed":false,"content-type":"","inline_featured_image":false,"footnotes":""},"class_list":["post-389","page","type-page","status-publish","has-post-thumbnail","hentry"],"acf":[],"yoast_head":"<!-- This site is optimized with the Yoast SEO plugin v27.4 - https:\/\/yoast.com\/product\/yoast-seo-wordpress\/ -->\n<title>Peter Maas &#8226; GRANDPERSPECTIVE DE<\/title>\n<meta name=\"robots\" content=\"index, follow, max-snippet:-1, max-image-preview:large, max-video-preview:-1\" \/>\n<link rel=\"canonical\" href=\"https:\/\/www.grandperspective.de\/de\/wir-sind-grandperspective\/team\/peter-maas\/\" \/>\n<meta property=\"og:locale\" content=\"de_DE\" \/>\n<meta property=\"og:type\" content=\"article\" \/>\n<meta property=\"og:title\" content=\"Peter Maas &#8226; GRANDPERSPECTIVE DE\" \/>\n<meta property=\"og:description\" content=\"Peter Maas ist erfahrener Experte im Bereich der FTIR Spektroskopie und Fernerkundung. In seiner Rolle als Global Application Manager f\u00fcr Remote Sensing bei der Bruker Optik GmbH war er weltweit f\u00fcr Applikation, Training und die Betreuung wissenschaftlicher Projekte verantwortlich. Peter Maas hat als Experte f\u00fcr Remote Sensing Projekte von Zivilschutz bis zur industriellen Anwendung betreut.\" \/>\n<meta property=\"og:url\" content=\"https:\/\/www.grandperspective.de\/de\/wir-sind-grandperspective\/team\/peter-maas\/\" \/>\n<meta property=\"og:site_name\" content=\"GRANDPERSPECTIVE DE\" \/>\n<meta property=\"article:modified_time\" content=\"2025-04-17T12:30:25+00:00\" \/>\n<meta property=\"og:image\" content=\"https:\/\/www.grandperspective.de\/de\/wp-content\/uploads\/sites\/2\/2021\/03\/Maas_Peter_IMG_1420_main.jpg\" \/>\n\t<meta property=\"og:image:width\" content=\"1000\" \/>\n\t<meta property=\"og:image:height\" content=\"1000\" \/>\n\t<meta property=\"og:image:type\" content=\"image\/jpeg\" \/>\n<meta name=\"twitter:card\" content=\"summary_large_image\" \/>\n<meta name=\"twitter:label1\" content=\"Gesch\u00e4tzte Lesezeit\" \/>\n\t<meta name=\"twitter:data1\" content=\"1\u00a0Minute\" \/>\n<script type=\"application\/ld+json\" class=\"yoast-schema-graph\">{\"@context\":\"https:\\\/\\\/schema.org\",\"@graph\":[{\"@type\":\"WebPage\",\"@id\":\"https:\\\/\\\/www.grandperspective.de\\\/de\\\/wir-sind-grandperspective\\\/team\\\/peter-maas\\\/\",\"url\":\"https:\\\/\\\/www.grandperspective.de\\\/de\\\/wir-sind-grandperspective\\\/team\\\/peter-maas\\\/\",\"name\":\"Peter Maas &#8226; GRANDPERSPECTIVE DE\",\"isPartOf\":{\"@id\":\"https:\\\/\\\/www.grandperspective.de\\\/de\\\/#website\"},\"primaryImageOfPage\":{\"@id\":\"https:\\\/\\\/www.grandperspective.de\\\/de\\\/wir-sind-grandperspective\\\/team\\\/peter-maas\\\/#primaryimage\"},\"image\":{\"@id\":\"https:\\\/\\\/www.grandperspective.de\\\/de\\\/wir-sind-grandperspective\\\/team\\\/peter-maas\\\/#primaryimage\"},\"thumbnailUrl\":\"https:\\\/\\\/www.grandperspective.de\\\/de\\\/wp-content\\\/uploads\\\/sites\\\/2\\\/2021\\\/03\\\/Maas_Peter_IMG_1420_main.jpg\",\"datePublished\":\"2021-03-05T18:02:43+00:00\",\"dateModified\":\"2025-04-17T12:30:25+00:00\",\"breadcrumb\":{\"@id\":\"https:\\\/\\\/www.grandperspective.de\\\/de\\\/wir-sind-grandperspective\\\/team\\\/peter-maas\\\/#breadcrumb\"},\"inLanguage\":\"de\",\"potentialAction\":[{\"@type\":\"ReadAction\",\"target\":[\"https:\\\/\\\/www.grandperspective.de\\\/de\\\/wir-sind-grandperspective\\\/team\\\/peter-maas\\\/\"]}]},{\"@type\":\"ImageObject\",\"inLanguage\":\"de\",\"@id\":\"https:\\\/\\\/www.grandperspective.de\\\/de\\\/wir-sind-grandperspective\\\/team\\\/peter-maas\\\/#primaryimage\",\"url\":\"https:\\\/\\\/www.grandperspective.de\\\/de\\\/wp-content\\\/uploads\\\/sites\\\/2\\\/2021\\\/03\\\/Maas_Peter_IMG_1420_main.jpg\",\"contentUrl\":\"https:\\\/\\\/www.grandperspective.de\\\/de\\\/wp-content\\\/uploads\\\/sites\\\/2\\\/2021\\\/03\\\/Maas_Peter_IMG_1420_main.jpg\",\"width\":1000,\"height\":1000,\"caption\":\"Peter Maas\"},{\"@type\":\"BreadcrumbList\",\"@id\":\"https:\\\/\\\/www.grandperspective.de\\\/de\\\/wir-sind-grandperspective\\\/team\\\/peter-maas\\\/#breadcrumb\",\"itemListElement\":[{\"@type\":\"ListItem\",\"position\":1,\"name\":\"Startseite\",\"item\":\"https:\\\/\\\/www.grandperspective.de\\\/de\\\/\"},{\"@type\":\"ListItem\",\"position\":2,\"name\":\"\u00dcber uns\",\"item\":\"https:\\\/\\\/www.grandperspective.de\\\/de\\\/wir-sind-grandperspective\\\/\"},{\"@type\":\"ListItem\",\"position\":3,\"name\":\"Team\",\"item\":\"https:\\\/\\\/www.grandperspective.de\\\/de\\\/wir-sind-grandperspective\\\/team\\\/\"},{\"@type\":\"ListItem\",\"position\":4,\"name\":\"Peter Maas\"}]},{\"@type\":\"WebSite\",\"@id\":\"https:\\\/\\\/www.grandperspective.de\\\/de\\\/#website\",\"url\":\"https:\\\/\\\/www.grandperspective.de\\\/de\\\/\",\"name\":\"GRANDPERSPECTIVE DE\",\"description\":\"Detecting gas leaks from the distance\",\"publisher\":{\"@id\":\"https:\\\/\\\/www.grandperspective.de\\\/de\\\/#organization\"},\"potentialAction\":[{\"@type\":\"SearchAction\",\"target\":{\"@type\":\"EntryPoint\",\"urlTemplate\":\"https:\\\/\\\/www.grandperspective.de\\\/de\\\/?s={search_term_string}\"},\"query-input\":{\"@type\":\"PropertyValueSpecification\",\"valueRequired\":true,\"valueName\":\"search_term_string\"}}],\"inLanguage\":\"de\"},{\"@type\":\"Organization\",\"@id\":\"https:\\\/\\\/www.grandperspective.de\\\/de\\\/#organization\",\"name\":\"Grandperspective\",\"url\":\"https:\\\/\\\/www.grandperspective.de\\\/de\\\/\",\"logo\":{\"@type\":\"ImageObject\",\"inLanguage\":\"de\",\"@id\":\"https:\\\/\\\/www.grandperspective.de\\\/de\\\/#\\\/schema\\\/logo\\\/image\\\/\",\"url\":\"https:\\\/\\\/www.grandperspective.de\\\/de\\\/wp-content\\\/uploads\\\/sites\\\/2\\\/2021\\\/03\\\/GP_Logo_5.5-Monogram_Digital_RGB_whiteBG_small.png\",\"contentUrl\":\"https:\\\/\\\/www.grandperspective.de\\\/de\\\/wp-content\\\/uploads\\\/sites\\\/2\\\/2021\\\/03\\\/GP_Logo_5.5-Monogram_Digital_RGB_whiteBG_small.png\",\"width\":280,\"height\":280,\"caption\":\"Grandperspective\"},\"image\":{\"@id\":\"https:\\\/\\\/www.grandperspective.de\\\/de\\\/#\\\/schema\\\/logo\\\/image\\\/\"},\"sameAs\":[\"https:\\\/\\\/www.linkedin.com\\\/company\\\/grandperspective-gmbh\\\/\",\"https:\\\/\\\/www.youtube.com\\\/channel\\\/UCOR4Eh3SLHwr58wZW8fRpbg\"]}]}<\/script>\n<!-- \/ Yoast SEO plugin. -->","yoast_head_json":{"title":"Peter Maas &#8226; GRANDPERSPECTIVE DE","robots":{"index":"index","follow":"follow","max-snippet":"max-snippet:-1","max-image-preview":"max-image-preview:large","max-video-preview":"max-video-preview:-1"},"canonical":"https:\/\/www.grandperspective.de\/de\/wir-sind-grandperspective\/team\/peter-maas\/","og_locale":"de_DE","og_type":"article","og_title":"Peter Maas &#8226; GRANDPERSPECTIVE DE","og_description":"Peter Maas ist erfahrener Experte im Bereich der FTIR Spektroskopie und Fernerkundung. In seiner Rolle als Global Application Manager f\u00fcr Remote Sensing bei der Bruker Optik GmbH war er weltweit f\u00fcr Applikation, Training und die Betreuung wissenschaftlicher Projekte verantwortlich. Peter Maas hat als Experte f\u00fcr Remote Sensing Projekte von Zivilschutz bis zur industriellen Anwendung betreut.","og_url":"https:\/\/www.grandperspective.de\/de\/wir-sind-grandperspective\/team\/peter-maas\/","og_site_name":"GRANDPERSPECTIVE DE","article_modified_time":"2025-04-17T12:30:25+00:00","og_image":[{"width":1000,"height":1000,"url":"https:\/\/www.grandperspective.de\/de\/wp-content\/uploads\/sites\/2\/2021\/03\/Maas_Peter_IMG_1420_main.jpg","type":"image\/jpeg"}],"twitter_card":"summary_large_image","twitter_misc":{"Gesch\u00e4tzte Lesezeit":"1\u00a0Minute"},"schema":{"@context":"https:\/\/schema.org","@graph":[{"@type":"WebPage","@id":"https:\/\/www.grandperspective.de\/de\/wir-sind-grandperspective\/team\/peter-maas\/","url":"https:\/\/www.grandperspective.de\/de\/wir-sind-grandperspective\/team\/peter-maas\/","name":"Peter Maas &#8226; GRANDPERSPECTIVE DE","isPartOf":{"@id":"https:\/\/www.grandperspective.de\/de\/#website"},"primaryImageOfPage":{"@id":"https:\/\/www.grandperspective.de\/de\/wir-sind-grandperspective\/team\/peter-maas\/#primaryimage"},"image":{"@id":"https:\/\/www.grandperspective.de\/de\/wir-sind-grandperspective\/team\/peter-maas\/#primaryimage"},"thumbnailUrl":"https:\/\/www.grandperspective.de\/de\/wp-content\/uploads\/sites\/2\/2021\/03\/Maas_Peter_IMG_1420_main.jpg","datePublished":"2021-03-05T18:02:43+00:00","dateModified":"2025-04-17T12:30:25+00:00","breadcrumb":{"@id":"https:\/\/www.grandperspective.de\/de\/wir-sind-grandperspective\/team\/peter-maas\/#breadcrumb"},"inLanguage":"de","potentialAction":[{"@type":"ReadAction","target":["https:\/\/www.grandperspective.de\/de\/wir-sind-grandperspective\/team\/peter-maas\/"]}]},{"@type":"ImageObject","inLanguage":"de","@id":"https:\/\/www.grandperspective.de\/de\/wir-sind-grandperspective\/team\/peter-maas\/#primaryimage","url":"https:\/\/www.grandperspective.de\/de\/wp-content\/uploads\/sites\/2\/2021\/03\/Maas_Peter_IMG_1420_main.jpg","contentUrl":"https:\/\/www.grandperspective.de\/de\/wp-content\/uploads\/sites\/2\/2021\/03\/Maas_Peter_IMG_1420_main.jpg","width":1000,"height":1000,"caption":"Peter Maas"},{"@type":"BreadcrumbList","@id":"https:\/\/www.grandperspective.de\/de\/wir-sind-grandperspective\/team\/peter-maas\/#breadcrumb","itemListElement":[{"@type":"ListItem","position":1,"name":"Startseite","item":"https:\/\/www.grandperspective.de\/de\/"},{"@type":"ListItem","position":2,"name":"\u00dcber uns","item":"https:\/\/www.grandperspective.de\/de\/wir-sind-grandperspective\/"},{"@type":"ListItem","position":3,"name":"Team","item":"https:\/\/www.grandperspective.de\/de\/wir-sind-grandperspective\/team\/"},{"@type":"ListItem","position":4,"name":"Peter Maas"}]},{"@type":"WebSite","@id":"https:\/\/www.grandperspective.de\/de\/#website","url":"https:\/\/www.grandperspective.de\/de\/","name":"GRANDPERSPECTIVE DE","description":"Detecting gas leaks from the distance","publisher":{"@id":"https:\/\/www.grandperspective.de\/de\/#organization"},"potentialAction":[{"@type":"SearchAction","target":{"@type":"EntryPoint","urlTemplate":"https:\/\/www.grandperspective.de\/de\/?s={search_term_string}"},"query-input":{"@type":"PropertyValueSpecification","valueRequired":true,"valueName":"search_term_string"}}],"inLanguage":"de"},{"@type":"Organization","@id":"https:\/\/www.grandperspective.de\/de\/#organization","name":"Grandperspective","url":"https:\/\/www.grandperspective.de\/de\/","logo":{"@type":"ImageObject","inLanguage":"de","@id":"https:\/\/www.grandperspective.de\/de\/#\/schema\/logo\/image\/","url":"https:\/\/www.grandperspective.de\/de\/wp-content\/uploads\/sites\/2\/2021\/03\/GP_Logo_5.5-Monogram_Digital_RGB_whiteBG_small.png","contentUrl":"https:\/\/www.grandperspective.de\/de\/wp-content\/uploads\/sites\/2\/2021\/03\/GP_Logo_5.5-Monogram_Digital_RGB_whiteBG_small.png","width":280,"height":280,"caption":"Grandperspective"},"image":{"@id":"https:\/\/www.grandperspective.de\/de\/#\/schema\/logo\/image\/"},"sameAs":["https:\/\/www.linkedin.com\/company\/grandperspective-gmbh\/","https:\/\/www.youtube.com\/channel\/UCOR4Eh3SLHwr58wZW8fRpbg"]}]}},"_links":{"self":[{"href":"https:\/\/www.grandperspective.de\/de\/wp-json\/wp\/v2\/pages\/389","targetHints":{"allow":["GET"]}}],"collection":[{"href":"https:\/\/www.grandperspective.de\/de\/wp-json\/wp\/v2\/pages"}],"about":[{"href":"https:\/\/www.grandperspective.de\/de\/wp-json\/wp\/v2\/types\/page"}],"author":[{"embeddable":true,"href":"https:\/\/www.grandperspective.de\/de\/wp-json\/wp\/v2\/users\/1"}],"replies":[{"embeddable":true,"href":"https:\/\/www.grandperspective.de\/de\/wp-json\/wp\/v2\/comments?post=389"}],"version-history":[{"count":6,"href":"https:\/\/www.grandperspective.de\/de\/wp-json\/wp\/v2\/pages\/389\/revisions"}],"predecessor-version":[{"id":1574,"href":"https:\/\/www.grandperspective.de\/de\/wp-json\/wp\/v2\/pages\/389\/revisions\/1574"}],"up":[{"embeddable":true,"href":"https:\/\/www.grandperspective.de\/de\/wp-json\/wp\/v2\/pages\/22"}],"wp:featuredmedia":[{"embeddable":true,"href":"https:\/\/www.grandperspective.de\/de\/wp-json\/wp\/v2\/media\/346"}],"wp:attachment":[{"href":"https:\/\/www.grandperspective.de\/de\/wp-json\/wp\/v2\/media?parent=389"}],"curies":[{"name":"wp","href":"https:\/\/api.w.org\/{rel}","templated":true}]}}