{"id":58,"date":"2021-01-16T18:56:28","date_gmt":"2021-01-16T17:56:28","guid":{"rendered":"https:\/\/www.grandperspective.de\/de\/?page_id=58"},"modified":"2026-01-30T16:38:06","modified_gmt":"2026-01-30T15:38:06","slug":"presse","status":"publish","type":"page","link":"https:\/\/www.grandperspective.de\/de\/presse\/","title":{"rendered":"Presse"},"content":{"rendered":"\n<p>Herzlich willkommen auf unserer Presseseite, auf der Sie die neuesten Pressemitteilungen, Artikel aus den Medien \u00fcber uns sowie Unternehmensinformationen finden.<\/p>\n\n\n\n<p>Pressevertreter k\u00f6nnen sich f\u00fcr weitere Informationen gerne an unser Kommunikationsteam unter <a href=\"mailto:media@grandperspective.de\" target=\"_blank\" rel=\"noreferrer noopener\">media@grandperspective.de<\/a> wenden.<\/p>\n\n\n\n<p>Nachfolgend finden Sie eine Auswahl an Artikeln, die in der Presse \u00fcber uns erschienen sind:<\/p>\n\n\n\n            <\/div>\n          <\/div>\n          <div class=\"row\">\n              <div class=\"col-12\">\n                <div id=\"press-block_fa9a65e79b42284cfc498c4b82637d30\" class=\"acf_blk_pressteaser\">\n                  <div class=\"row teasers\">\n                                      <div class=\"col-12 col-md-6 col-lg-4\">\n                      <div class=\"item height-one\">\n                        <h6>Oktober 2024 | PROCESS<\/h6>\n                        <h5>Die unsichtbare Gefahr: So werden Gaslecks \u201esichtbar\u201c<\/h5>\n                        <a class=\"button\" rel=\"external\" href=\"https:\/\/www.process.vogel.de\/die-unsichtbare-gefahr-so-werden-gaslecks-sichtbar-a-4ebc734b108e214b4f686b9f7de300b1\/\">Zum Artikel<\/a>\n                      <\/div>\n                    <\/div>\n                                      <div class=\"col-12 col-md-6 col-lg-4\">\n                      <div class=\"item height-one\">\n                        <h6>September 2024 | Applied Technology Review<\/h6>\n                        <h5>High-Precision Remote Emission Monitoring (Englisch)<\/h5>\n                        <a class=\"button\" rel=\"external\" href=\"https:\/\/www.appliedtechnologyreview.com\/grandperspective-gmbh\">Zum Artikel<\/a>\n                      <\/div>\n                    <\/div>\n                                      <div class=\"col-12 col-md-6 col-lg-4\">\n                      <div class=\"item height-one\">\n                        <h6>Juli 2024 |  \u00d6sterreichische Chemiezeitschrift<\/h6>\n                        <h5>Innovativ: Methan\u00fcberwachungstechnologie als Durchbruch f\u00fcr den Energiesektor<\/h5>\n                        <a class=\"button\" rel=\"external\" href=\"https:\/\/www.welkinmedia.at\/Archiv\/Chemie-Zeitschrift\/2024\/03\/#page=20\">Zum Artikel<\/a>\n                      <\/div>\n                    <\/div>\n                                      <div class=\"col-12 col-md-6 col-lg-4\">\n                      <div class=\"item height-one\">\n                        <h6>Juni 2024 | World Fertilizer Magazine<\/h6>\n                        <h5>All in Good Sense (Englisch)<\/h5>\n                        <a class=\"button\" rel=\"external\" href=\"https:\/\/www.grandperspective.de\/de\/wp-content\/uploads\/sites\/2\/2024\/06\/World-Fertilizer-June-2024.pdf\">Zum Artikel<\/a>\n                      <\/div>\n                    <\/div>\n                                      <div class=\"col-12 col-md-6 col-lg-4\">\n                      <div class=\"item height-one\">\n                        <h6>Mai 2024 | \u00d6sterreichische Chemiezeitschrift<\/h6>\n                        <h5>Innovatives Fr\u00fchwarnsystem f\u00fcr Chemieanlagen mit Hilfe von FTIR-Spektroskopie<\/h5>\n                        <a class=\"button\" rel=\"external\" href=\"https:\/\/www.welkinmedia.at\/Archiv\/Chemie-Zeitschrift\/2024\/02\/#page=26\">Zum Artikel<\/a>\n                      <\/div>\n                    <\/div>\n                                      <div class=\"col-12 col-md-6 col-lg-4\">\n                      <div class=\"item height-one\">\n                        <h6>April 2024 | World Fertilizer Magazine<\/h6>\n                        <h5>Embracing Change in Emissions Monitoring\u00a0(Englisch)<\/h5>\n                        <a class=\"button\" rel=\"external\" href=\"https:\/\/www.grandperspective.de\/de\/wp-content\/uploads\/sites\/2\/2024\/05\/Grandperspective_World-Fertilizer_April_2024.pdf\">Zum Artikel<\/a>\n                      <\/div>\n                    <\/div>\n                                      <div class=\"col-12 col-md-6 col-lg-4\">\n                      <div class=\"item height-one\">\n                        <h6>M\u00e4rz 2024 | CHEManager<\/h6>\n                        <h5>\u00dcberwachung von Chemieanlagen: Mit FTIR-Spektroskopie gef\u00e4hrliche Gaslecks sicher erkennen<\/h5>\n                        <a class=\"button\" rel=\"external\" href=\"https:\/\/www.chemanager-online.com\/news\/ueberwachung-von-chemieanlagen\">Zum Artikel<\/a>\n                      <\/div>\n                    <\/div>\n                                      <div class=\"col-12 col-md-6 col-lg-4\">\n                      <div class=\"item height-one\">\n                        <h6>M\u00e4rz 2024 | Nachrichten aus der Chemie<\/h6>\n                        <h5>Prozessanlagen: Wissen, wo welche Wolke wabert<\/h5>\n                        <a class=\"button\" rel=\"external\" href=\"https:\/\/www.grandperspective.de\/de\/wp-content\/uploads\/sites\/2\/2024\/04\/2024-03_Nachrichten_aus_der_-Chemie_Grandperspective.pdf\">Zum Artikel<\/a>\n                      <\/div>\n                    <\/div>\n                                      <div class=\"col-12 col-md-6 col-lg-4\">\n                      <div class=\"item height-one\">\n                        <h6>Januar 2024 | Gas Outlook<\/h6>\n                        <h5>Satellites: A Game-Changer for Methane Leak Detection? (Englisch)<\/h5>\n                        <a class=\"button\" rel=\"external\" href=\"https:\/\/gasoutlook.com\/analysis\/satellites-a-game-changer-for-methane-leak-detection\/\">Zum Artikel<\/a>\n                      <\/div>\n                    <\/div>\n                                      <div class=\"col-12 col-md-6 col-lg-4\">\n                      <div class=\"item height-one\">\n                        <h6>November 2023 | Chemie Technik<\/h6>\n                        <h5>FTIR-Spektroskopie zur Detektion von Methanemissionen<\/h5>\n                        <a class=\"button\" rel=\"external\" href=\"https:\/\/www.chemietechnik.de\/anlagentechnik\/mess-analysetechnik\/ftir-spektroskopie-zur-detektion-von-methanemissionen-265.html\">Zum Artikel<\/a>\n                      <\/div>\n                    <\/div>\n                                      <div class=\"col-12 col-md-6 col-lg-4\">\n                      <div class=\"item height-one\">\n                        <h6>August 2023 | Fireworld.at<\/h6>\n                        <h5>Fr\u00fchwarnsystem \u201cscanfeld\u201d als entscheidender Vorteil f\u00fcr Feuerwehrkr\u00e4fte bei Gas-Gefahren<\/h5>\n                        <a class=\"button\" rel=\"external\" href=\"https:\/\/www.fireworld.at\/2023\/08\/11\/fruehwarnsystem-scanfeld-als-entscheidender-vorteil-fuer-feuerwehrkraefte-bei-gas-gefahren\/\">Zum Artikel<\/a>\n                      <\/div>\n                    <\/div>\n                                      <div class=\"col-12 col-md-6 col-lg-4\">\n                      <div class=\"item height-one\">\n                        <h6>Juli 2023 | Build Scotland<\/h6>\n                        <h5>Scottish Water Deploys scanfeld In Industry First (Englisch)<\/h5>\n                        <a class=\"button\" rel=\"external\" href=\"https:\/\/www.buildscotland.co.uk\/construction-news\/298978\/scottish-water-deploys-scanfeld-in-industry-first\">Zum Artikel<\/a>\n                      <\/div>\n                    <\/div>\n                                      <div class=\"col-12 col-md-6 col-lg-4\">\n                      <div class=\"item height-one\">\n                        <h6>Mai 2023 | Chemie Technik<\/h6>\n                        <h5>FTIR-Spektroskopie zur Detektion von Methanemissionen<\/h5>\n                        <a class=\"button\" rel=\"external\" href=\"https:\/\/www.chemietechnik.de\/anlagentechnik\/mess-analysetechnik\/gasueberwachung-von-chemieanlagen-mittels-ftir-fernerkundung-62-986.html\">Zum Artikel<\/a>\n                      <\/div>\n                    <\/div>\n                                      <div class=\"col-12 col-md-6 col-lg-4\">\n                      <div class=\"item height-one\">\n                        <h6>September 2022 | rbb Inforadio<\/h6>\n                        <h5>Fr\u00fchwarnsystem aus Brandenburg meldet Gas-Lecks<\/h5>\n                        <a class=\"button\" rel=\"external\" href=\"https:\/\/www.inforadio.de\/rubriken\/wirtschaft\/beitraege\/2022\/09\/fruehwarnsystem-aus-brandenburg-meldet-gas-lecks.html\">Zum Artikel<\/a>\n                      <\/div>\n                    <\/div>\n                                      <div class=\"col-12 col-md-6 col-lg-4\">\n                      <div class=\"item height-one\">\n                        <h6>September 2022 | Inno BB<\/h6>\n                        <h5>Preistr\u00e4ger 2022 Brandenburger Innovationspreis Kunststoffe und Chemie<\/h5>\n                        <a class=\"button\" rel=\"external\" href=\"https:\/\/innobb.de\/de\/news\/preistraeger-2022-brandenburger-innovationspreis-kunststoffe-und-chemie\">Zum Artikel<\/a>\n                      <\/div>\n                    <\/div>\n                                      <div class=\"col-12 col-md-6 col-lg-4\">\n                      <div class=\"item height-one\">\n                        <h6>April 2022 | Gefahrstoffe<\/h6>\n                        <h5>Gas\u00fcberwachung von Chemieanlagen mittels FTIR-Fernerkundung<\/h5>\n                        <a class=\"button\" rel=\"external\" href=\"https:\/\/www.grandperspective.de\/de\/wp-content\/uploads\/sites\/2\/2022\/05\/Gefahrstoffe_03-04_2022_K485-Maas.pdf\">Zum Artikel<\/a>\n                      <\/div>\n                    <\/div>\n                                      <div class=\"col-12 col-md-6 col-lg-4\">\n                      <div class=\"item height-one\">\n                        <h6>Februar 2022 | CHEManager<\/h6>\n                        <h5>Gaslecks automatisiert sichtbar machen<\/h5>\n                        <a class=\"button\" rel=\"external\" href=\"https:\/\/www.chemanager-online.com\/news\/gaslecks-automatisiert-sichtbar-machen\">Zum Artikel<\/a>\n                      <\/div>\n                    <\/div>\n                                      <div class=\"col-12 col-md-6 col-lg-4\">\n                      <div class=\"item height-one\">\n                        <h6>September 2021 | World Fertilizer<\/h6>\n                        <h5>Fingerprinting Ammonia Leaks (Englisch)<\/h5>\n                        <a class=\"button\" rel=\"external\" href=\"https:\/\/www.grandperspective.de\/de\/wp-content\/uploads\/sites\/2\/2021\/09\/September2021-issue-Grandperspective.pdf\">Zum Artikel<\/a>\n                      <\/div>\n                    <\/div>\n                                      <div class=\"col-12 col-md-6 col-lg-4\">\n                      <div class=\"item height-one\">\n                        <h6>Oktober 2020 | Chemie.de<\/h6>\n                        <h5>Fr\u00fchwarn-L\u00f6sung zum Monitoring ganzer Chemieparks<\/h5>\n                        <a class=\"button\" rel=\"external\" href=\"https:\/\/www.chemie.de\/news\/1168356\/fruehwarn-loesung-zum-monitoring-ganzer-chemieparks.html\">Zum Artikel<\/a>\n                      <\/div>\n                    <\/div>\n                                      <div class=\"col-12 col-md-6 col-lg-4\">\n                      <div class=\"item height-one\">\n                        <h6>Oktober 2020 | Wirtschaft+Markt<\/h6>\n                        <h5>Grandperspective GmbH: Berliner Start-up entwickelt Fr\u00fchwarnsystem f\u00fcr Chemieparks<\/h5>\n                        <a class=\"button\" rel=\"external\" href=\"https:\/\/wirtschaft-markt.de\/2020\/10\/11\/grandperspective-gmbh-berliner-start-up-entwickelt-fruehwarnsystem-fuer-chemieparks\/\">Zum Artikel<\/a>\n                      <\/div>\n                    <\/div>\n                                      <div class=\"col-12 col-md-6 col-lg-4\">\n                      <div class=\"item height-one\">\n                        <h6>September 2020 | World Fertilizer<\/h6>\n                        <h5>A Sixth Sense (Englisch)<\/h5>\n                        <a class=\"button\" rel=\"external\" href=\"https:\/\/www.grandperspective.de\/de\/wp-content\/uploads\/sites\/2\/2021\/03\/World-Fertilizer-Article-Grandperspective-scanfeld_September2020.pdf\">Zum Artikel<\/a>\n                      <\/div>\n                    <\/div>\n                                    <\/div>\n                <\/div>\n              <\/div>\n          <\/div>\n          <div class=\"row\">\n            <div class=\"col-12\">\n\n\n<p><\/p>\n\n\n\n<p><br><\/p>\n\n\n\n<p>Hier finden Sie unsere Pressemitteilungen zum Download.<\/p>\n","protected":false},"excerpt":{"rendered":"Herzlich willkommen auf unserer Presseseite, auf der Sie die neuesten Pressemitteilungen, Artikel aus den Medien \u00fcber uns sowie Unternehmensinformationen finden. Pressevertreter k\u00f6nnen sich f\u00fcr weitere Informationen gerne an unser Kommunikationsteam unter media@grandperspective.de wenden. Nachfolgend finden Sie eine Auswahl an Artikeln, die in der Presse \u00fcber uns erschienen sind: Hier finden Sie unsere Pressemitteilungen zum Download.","protected":false},"author":1,"featured_media":0,"parent":0,"menu_order":80,"comment_status":"closed","ping_status":"closed","template":"template-presse.php","meta":{"_acf_changed":false,"content-type":"","inline_featured_image":false,"footnotes":""},"class_list":["post-58","page","type-page","status-publish","hentry"],"acf":[],"yoast_head":"<!-- This site is optimized with the Yoast SEO plugin v27.4 - https:\/\/yoast.com\/product\/yoast-seo-wordpress\/ -->\n<title>Presse &#8226; GRANDPERSPECTIVE DE<\/title>\n<meta name=\"robots\" content=\"index, follow, max-snippet:-1, max-image-preview:large, max-video-preview:-1\" \/>\n<link rel=\"canonical\" href=\"https:\/\/www.grandperspective.de\/de\/presse\/\" \/>\n<meta property=\"og:locale\" content=\"de_DE\" \/>\n<meta property=\"og:type\" content=\"article\" \/>\n<meta property=\"og:title\" content=\"Presse &#8226; GRANDPERSPECTIVE DE\" \/>\n<meta property=\"og:description\" content=\"Herzlich willkommen auf unserer Presseseite, auf der Sie die neuesten Pressemitteilungen, Artikel aus den Medien \u00fcber uns sowie Unternehmensinformationen finden. Pressevertreter k\u00f6nnen sich f\u00fcr weitere Informationen gerne an unser Kommunikationsteam unter media@grandperspective.de wenden. Nachfolgend finden Sie eine Auswahl an Artikeln, die in der Presse \u00fcber uns erschienen sind: Hier finden Sie unsere Pressemitteilungen zum Download.\" \/>\n<meta property=\"og:url\" content=\"https:\/\/www.grandperspective.de\/de\/presse\/\" \/>\n<meta property=\"og:site_name\" content=\"GRANDPERSPECTIVE DE\" \/>\n<meta property=\"article:modified_time\" content=\"2026-01-30T15:38:06+00:00\" \/>\n<meta name=\"twitter:card\" content=\"summary_large_image\" \/>\n<meta name=\"twitter:label1\" content=\"Gesch\u00e4tzte Lesezeit\" \/>\n\t<meta name=\"twitter:data1\" content=\"2\u00a0Minuten\" \/>\n<script type=\"application\/ld+json\" class=\"yoast-schema-graph\">{\"@context\":\"https:\\\/\\\/schema.org\",\"@graph\":[{\"@type\":\"WebPage\",\"@id\":\"https:\\\/\\\/www.grandperspective.de\\\/de\\\/presse\\\/\",\"url\":\"https:\\\/\\\/www.grandperspective.de\\\/de\\\/presse\\\/\",\"name\":\"Presse &#8226; GRANDPERSPECTIVE DE\",\"isPartOf\":{\"@id\":\"https:\\\/\\\/www.grandperspective.de\\\/de\\\/#website\"},\"datePublished\":\"2021-01-16T17:56:28+00:00\",\"dateModified\":\"2026-01-30T15:38:06+00:00\",\"breadcrumb\":{\"@id\":\"https:\\\/\\\/www.grandperspective.de\\\/de\\\/presse\\\/#breadcrumb\"},\"inLanguage\":\"de\",\"potentialAction\":[{\"@type\":\"ReadAction\",\"target\":[\"https:\\\/\\\/www.grandperspective.de\\\/de\\\/presse\\\/\"]}]},{\"@type\":\"BreadcrumbList\",\"@id\":\"https:\\\/\\\/www.grandperspective.de\\\/de\\\/presse\\\/#breadcrumb\",\"itemListElement\":[{\"@type\":\"ListItem\",\"position\":1,\"name\":\"Startseite\",\"item\":\"https:\\\/\\\/www.grandperspective.de\\\/de\\\/\"},{\"@type\":\"ListItem\",\"position\":2,\"name\":\"Presse\"}]},{\"@type\":\"WebSite\",\"@id\":\"https:\\\/\\\/www.grandperspective.de\\\/de\\\/#website\",\"url\":\"https:\\\/\\\/www.grandperspective.de\\\/de\\\/\",\"name\":\"GRANDPERSPECTIVE DE\",\"description\":\"Detecting gas leaks from the distance\",\"publisher\":{\"@id\":\"https:\\\/\\\/www.grandperspective.de\\\/de\\\/#organization\"},\"potentialAction\":[{\"@type\":\"SearchAction\",\"target\":{\"@type\":\"EntryPoint\",\"urlTemplate\":\"https:\\\/\\\/www.grandperspective.de\\\/de\\\/?s={search_term_string}\"},\"query-input\":{\"@type\":\"PropertyValueSpecification\",\"valueRequired\":true,\"valueName\":\"search_term_string\"}}],\"inLanguage\":\"de\"},{\"@type\":\"Organization\",\"@id\":\"https:\\\/\\\/www.grandperspective.de\\\/de\\\/#organization\",\"name\":\"Grandperspective\",\"url\":\"https:\\\/\\\/www.grandperspective.de\\\/de\\\/\",\"logo\":{\"@type\":\"ImageObject\",\"inLanguage\":\"de\",\"@id\":\"https:\\\/\\\/www.grandperspective.de\\\/de\\\/#\\\/schema\\\/logo\\\/image\\\/\",\"url\":\"https:\\\/\\\/www.grandperspective.de\\\/de\\\/wp-content\\\/uploads\\\/sites\\\/2\\\/2021\\\/03\\\/GP_Logo_5.5-Monogram_Digital_RGB_whiteBG_small.png\",\"contentUrl\":\"https:\\\/\\\/www.grandperspective.de\\\/de\\\/wp-content\\\/uploads\\\/sites\\\/2\\\/2021\\\/03\\\/GP_Logo_5.5-Monogram_Digital_RGB_whiteBG_small.png\",\"width\":280,\"height\":280,\"caption\":\"Grandperspective\"},\"image\":{\"@id\":\"https:\\\/\\\/www.grandperspective.de\\\/de\\\/#\\\/schema\\\/logo\\\/image\\\/\"},\"sameAs\":[\"https:\\\/\\\/www.linkedin.com\\\/company\\\/grandperspective-gmbh\\\/\",\"https:\\\/\\\/www.youtube.com\\\/channel\\\/UCOR4Eh3SLHwr58wZW8fRpbg\"]}]}<\/script>\n<!-- \/ Yoast SEO plugin. -->","yoast_head_json":{"title":"Presse &#8226; GRANDPERSPECTIVE DE","robots":{"index":"index","follow":"follow","max-snippet":"max-snippet:-1","max-image-preview":"max-image-preview:large","max-video-preview":"max-video-preview:-1"},"canonical":"https:\/\/www.grandperspective.de\/de\/presse\/","og_locale":"de_DE","og_type":"article","og_title":"Presse &#8226; GRANDPERSPECTIVE DE","og_description":"Herzlich willkommen auf unserer Presseseite, auf der Sie die neuesten Pressemitteilungen, Artikel aus den Medien \u00fcber uns sowie Unternehmensinformationen finden. Pressevertreter k\u00f6nnen sich f\u00fcr weitere Informationen gerne an unser Kommunikationsteam unter media@grandperspective.de wenden. Nachfolgend finden Sie eine Auswahl an Artikeln, die in der Presse \u00fcber uns erschienen sind: Hier finden Sie unsere Pressemitteilungen zum Download.","og_url":"https:\/\/www.grandperspective.de\/de\/presse\/","og_site_name":"GRANDPERSPECTIVE DE","article_modified_time":"2026-01-30T15:38:06+00:00","twitter_card":"summary_large_image","twitter_misc":{"Gesch\u00e4tzte Lesezeit":"2\u00a0Minuten"},"schema":{"@context":"https:\/\/schema.org","@graph":[{"@type":"WebPage","@id":"https:\/\/www.grandperspective.de\/de\/presse\/","url":"https:\/\/www.grandperspective.de\/de\/presse\/","name":"Presse &#8226; GRANDPERSPECTIVE DE","isPartOf":{"@id":"https:\/\/www.grandperspective.de\/de\/#website"},"datePublished":"2021-01-16T17:56:28+00:00","dateModified":"2026-01-30T15:38:06+00:00","breadcrumb":{"@id":"https:\/\/www.grandperspective.de\/de\/presse\/#breadcrumb"},"inLanguage":"de","potentialAction":[{"@type":"ReadAction","target":["https:\/\/www.grandperspective.de\/de\/presse\/"]}]},{"@type":"BreadcrumbList","@id":"https:\/\/www.grandperspective.de\/de\/presse\/#breadcrumb","itemListElement":[{"@type":"ListItem","position":1,"name":"Startseite","item":"https:\/\/www.grandperspective.de\/de\/"},{"@type":"ListItem","position":2,"name":"Presse"}]},{"@type":"WebSite","@id":"https:\/\/www.grandperspective.de\/de\/#website","url":"https:\/\/www.grandperspective.de\/de\/","name":"GRANDPERSPECTIVE DE","description":"Detecting gas leaks from the distance","publisher":{"@id":"https:\/\/www.grandperspective.de\/de\/#organization"},"potentialAction":[{"@type":"SearchAction","target":{"@type":"EntryPoint","urlTemplate":"https:\/\/www.grandperspective.de\/de\/?s={search_term_string}"},"query-input":{"@type":"PropertyValueSpecification","valueRequired":true,"valueName":"search_term_string"}}],"inLanguage":"de"},{"@type":"Organization","@id":"https:\/\/www.grandperspective.de\/de\/#organization","name":"Grandperspective","url":"https:\/\/www.grandperspective.de\/de\/","logo":{"@type":"ImageObject","inLanguage":"de","@id":"https:\/\/www.grandperspective.de\/de\/#\/schema\/logo\/image\/","url":"https:\/\/www.grandperspective.de\/de\/wp-content\/uploads\/sites\/2\/2021\/03\/GP_Logo_5.5-Monogram_Digital_RGB_whiteBG_small.png","contentUrl":"https:\/\/www.grandperspective.de\/de\/wp-content\/uploads\/sites\/2\/2021\/03\/GP_Logo_5.5-Monogram_Digital_RGB_whiteBG_small.png","width":280,"height":280,"caption":"Grandperspective"},"image":{"@id":"https:\/\/www.grandperspective.de\/de\/#\/schema\/logo\/image\/"},"sameAs":["https:\/\/www.linkedin.com\/company\/grandperspective-gmbh\/","https:\/\/www.youtube.com\/channel\/UCOR4Eh3SLHwr58wZW8fRpbg"]}]}},"_links":{"self":[{"href":"https:\/\/www.grandperspective.de\/de\/wp-json\/wp\/v2\/pages\/58","targetHints":{"allow":["GET"]}}],"collection":[{"href":"https:\/\/www.grandperspective.de\/de\/wp-json\/wp\/v2\/pages"}],"about":[{"href":"https:\/\/www.grandperspective.de\/de\/wp-json\/wp\/v2\/types\/page"}],"author":[{"embeddable":true,"href":"https:\/\/www.grandperspective.de\/de\/wp-json\/wp\/v2\/users\/1"}],"replies":[{"embeddable":true,"href":"https:\/\/www.grandperspective.de\/de\/wp-json\/wp\/v2\/comments?post=58"}],"version-history":[{"count":26,"href":"https:\/\/www.grandperspective.de\/de\/wp-json\/wp\/v2\/pages\/58\/revisions"}],"predecessor-version":[{"id":1550,"href":"https:\/\/www.grandperspective.de\/de\/wp-json\/wp\/v2\/pages\/58\/revisions\/1550"}],"wp:attachment":[{"href":"https:\/\/www.grandperspective.de\/de\/wp-json\/wp\/v2\/media?parent=58"}],"curies":[{"name":"wp","href":"https:\/\/api.w.org\/{rel}","templated":true}]}}