{"id":587,"date":"2021-04-21T14:20:48","date_gmt":"2021-04-21T12:20:48","guid":{"rendered":"https:\/\/www.grandperspective.de\/de\/?page_id=587"},"modified":"2023-04-18T11:25:16","modified_gmt":"2023-04-18T09:25:16","slug":"chemische-industrie","status":"publish","type":"page","link":"https:\/\/www.grandperspective.de\/de\/anwendungsfelder\/chemische-industrie\/","title":{"rendered":"Chemische Industrie"},"content":{"rendered":"\n<p>Diescanfeld\u00ae Fr\u00fchwarnl\u00f6sung nutzt eine passive bildgebende Technologie der optischen Fernerkundung. Mit Hilfe von FTIR-Spektroskopie erkennt und identifiziert sie \u00fcber 400 verschiedene chemische Verbindungen, zum Beispiel Ammoniak oder Methan. <\/p>\n\n\n\n<p>Die Nachweisempfindlichkeit ist sehr hoch, jedoch substanzabh\u00e4ngig. Bei einer ca. 10 m gro\u00dfen Ammoniakwolke unter normalen Umgebungsbedingungen und in 1 km Entfernung liegt die Nachweisgrenze bei 4 ppm. Die Algorithmen und Methoden, die die chemischen Verbindungen im Infrarotspektrum automatisch identifizieren und quantifizieren , sind nach VDI4211 zertifiziert. <\/p>\n\n\n\n<p>Aufgrund des infraroten Spektralbereichs ist die Messtechnik unempfindlich gegen\u00fcber Wetterbedingungen wie Regen oder Nebel. Ohne Umgebungslicht arbeitet die Messtechnik zuverl\u00e4ssig Tag und Nacht rund um die Uhr.<\/p>\n\n\n<div class=\"wp-block-image\">\n<figure class=\"aligncenter size-large\"><img loading=\"lazy\" decoding=\"async\" width=\"700\" height=\"508\" src=\"https:\/\/www.grandperspective.de\/de\/wp-content\/uploads\/sites\/2\/2021\/04\/scanfeld-looking-down-on-plant-crop-e1619000310936-700x508.jpg\" alt=\"scanfeld looking down on ammonia plant\" class=\"wp-image-574\" \/><\/figure>\n<\/div>\n\n\n<p>Die scanfeld\u00ae-\u00dcberwachungsl\u00f6sung ist ein hochautomatisiertes System, das vordefinierte Scanbereiche automatisch in einer programmierten Reihenfolge abtastet. Im normalen Betriebsmodus ist das Scan-Muster f\u00fcr einen schnellen Turnaround optimiert, um den Zustand der Anlage in Minuten abzubilden. Das Scan-Muster ist spezifisch f\u00fcr den Umfang der Anlage mit einer freien Definition von Scan-Geschwindigkeit und r\u00e4umlicher Aufl\u00f6sung. So sind \u00dcberwachungsbereiche mit der potenziellen Freisetzung von hochtoxischen oder brennbaren Gasen auf Geschwindigkeit optimiert, w\u00e4hrend die \u00dcberwachung gro\u00dfer Bereiche die Aufl\u00f6sung priorisiert. Sobald eine Gasfreisetzung erkannt wird, wechselt das Scanmuster zur automatischen Verfolgung der Gaswolkenverteilung. <\/p>\n\n\n\n<p>In der Benutzeroberfl\u00e4che wird der Bediener \u00fcber alle Ereignisse mit entsprechenden Warnhinweisen informiert. Da in Produktionsanlagen naturgem\u00e4\u00df technische Emissionen auftreten und weitere Emissionen aus anderen Bereichen periodisch in Erscheinung treten k\u00f6nnen, hilft die automatisierte Situationsbewertung, gef\u00e4hrliche Situationen besser von harmlosen Emissionen zu unterscheiden.<\/p>\n","protected":false},"excerpt":{"rendered":"Diescanfeld\u00ae Fr\u00fchwarnl\u00f6sung nutzt eine passive bildgebende Technologie der optischen Fernerkundung. Mit Hilfe von FTIR-Spektroskopie erkennt und identifiziert sie \u00fcber 400 verschiedene chemische Verbindungen, zum Beispiel Ammoniak oder Methan. Die Nachweisempfindlichkeit ist sehr hoch, jedoch substanzabh\u00e4ngig. Bei einer ca. 10 m gro\u00dfen Ammoniakwolke unter normalen Umgebungsbedingungen und in 1 km Entfernung liegt die Nachweisgrenze bei 4&#8230; <a class=\"view-article\" href=\"https:\/\/www.grandperspective.de\/de\/anwendungsfelder\/chemische-industrie\/\">View Article<\/a>","protected":false},"author":3,"featured_media":575,"parent":16,"menu_order":10,"comment_status":"closed","ping_status":"closed","template":"","meta":{"_acf_changed":false,"content-type":"","inline_featured_image":false,"footnotes":""},"class_list":["post-587","page","type-page","status-publish","has-post-thumbnail","hentry"],"acf":[],"yoast_head":"<!-- This site is optimized with the Yoast SEO plugin v27.2 - https:\/\/yoast.com\/product\/yoast-seo-wordpress\/ -->\n<title>Chemische Industrie &#8226; GRANDPERSPECTIVE DE<\/title>\n<meta name=\"robots\" content=\"index, follow, max-snippet:-1, max-image-preview:large, max-video-preview:-1\" \/>\n<link rel=\"canonical\" href=\"https:\/\/www.grandperspective.de\/de\/anwendungsfelder\/chemische-industrie\/\" \/>\n<meta property=\"og:locale\" content=\"de_DE\" \/>\n<meta property=\"og:type\" content=\"article\" \/>\n<meta property=\"og:title\" content=\"Chemische Industrie &#8226; GRANDPERSPECTIVE DE\" \/>\n<meta property=\"og:description\" content=\"Diescanfeld\u00ae Fr\u00fchwarnl\u00f6sung nutzt eine passive bildgebende Technologie der optischen Fernerkundung. Mit Hilfe von FTIR-Spektroskopie erkennt und identifiziert sie \u00fcber 400 verschiedene chemische Verbindungen, zum Beispiel Ammoniak oder Methan. Die Nachweisempfindlichkeit ist sehr hoch, jedoch substanzabh\u00e4ngig. Bei einer ca. 10 m gro\u00dfen Ammoniakwolke unter normalen Umgebungsbedingungen und in 1 km Entfernung liegt die Nachweisgrenze bei 4... View Article\" \/>\n<meta property=\"og:url\" content=\"https:\/\/www.grandperspective.de\/de\/anwendungsfelder\/chemische-industrie\/\" \/>\n<meta property=\"og:site_name\" content=\"GRANDPERSPECTIVE DE\" \/>\n<meta property=\"article:modified_time\" content=\"2023-04-18T09:25:16+00:00\" \/>\n<meta property=\"og:image\" content=\"https:\/\/www.grandperspective.de\/de\/wp-content\/uploads\/sites\/2\/2021\/04\/scanfeld-looking-down.jpg\" \/>\n\t<meta property=\"og:image:width\" content=\"1915\" \/>\n\t<meta property=\"og:image:height\" content=\"2874\" \/>\n\t<meta property=\"og:image:type\" content=\"image\/jpeg\" \/>\n<meta name=\"twitter:card\" content=\"summary_large_image\" \/>\n<meta name=\"twitter:label1\" content=\"Gesch\u00e4tzte Lesezeit\" \/>\n\t<meta name=\"twitter:data1\" content=\"2\u00a0Minuten\" \/>\n<script type=\"application\/ld+json\" class=\"yoast-schema-graph\">{\"@context\":\"https:\/\/schema.org\",\"@graph\":[{\"@type\":\"WebPage\",\"@id\":\"https:\/\/www.grandperspective.de\/de\/anwendungsfelder\/chemische-industrie\/\",\"url\":\"https:\/\/www.grandperspective.de\/de\/anwendungsfelder\/chemische-industrie\/\",\"name\":\"Chemische Industrie &#8226; GRANDPERSPECTIVE DE\",\"isPartOf\":{\"@id\":\"https:\/\/www.grandperspective.de\/de\/#website\"},\"primaryImageOfPage\":{\"@id\":\"https:\/\/www.grandperspective.de\/de\/anwendungsfelder\/chemische-industrie\/#primaryimage\"},\"image\":{\"@id\":\"https:\/\/www.grandperspective.de\/de\/anwendungsfelder\/chemische-industrie\/#primaryimage\"},\"thumbnailUrl\":\"https:\/\/www.grandperspective.de\/de\/wp-content\/uploads\/sites\/2\/2021\/04\/scanfeld-looking-down.jpg\",\"datePublished\":\"2021-04-21T12:20:48+00:00\",\"dateModified\":\"2023-04-18T09:25:16+00:00\",\"breadcrumb\":{\"@id\":\"https:\/\/www.grandperspective.de\/de\/anwendungsfelder\/chemische-industrie\/#breadcrumb\"},\"inLanguage\":\"de\",\"potentialAction\":[{\"@type\":\"ReadAction\",\"target\":[\"https:\/\/www.grandperspective.de\/de\/anwendungsfelder\/chemische-industrie\/\"]}]},{\"@type\":\"ImageObject\",\"inLanguage\":\"de\",\"@id\":\"https:\/\/www.grandperspective.de\/de\/anwendungsfelder\/chemische-industrie\/#primaryimage\",\"url\":\"https:\/\/www.grandperspective.de\/de\/wp-content\/uploads\/sites\/2\/2021\/04\/scanfeld-looking-down.jpg\",\"contentUrl\":\"https:\/\/www.grandperspective.de\/de\/wp-content\/uploads\/sites\/2\/2021\/04\/scanfeld-looking-down.jpg\",\"width\":1915,\"height\":2874,\"caption\":\"scanfeld looking down - applications in chemical industry\"},{\"@type\":\"BreadcrumbList\",\"@id\":\"https:\/\/www.grandperspective.de\/de\/anwendungsfelder\/chemische-industrie\/#breadcrumb\",\"itemListElement\":[{\"@type\":\"ListItem\",\"position\":1,\"name\":\"Startseite\",\"item\":\"https:\/\/www.grandperspective.de\/de\/\"},{\"@type\":\"ListItem\",\"position\":2,\"name\":\"scanfeld\u00ae Branchen und Anwendungen\",\"item\":\"https:\/\/www.grandperspective.de\/de\/anwendungsfelder\/\"},{\"@type\":\"ListItem\",\"position\":3,\"name\":\"Chemische Industrie\"}]},{\"@type\":\"WebSite\",\"@id\":\"https:\/\/www.grandperspective.de\/de\/#website\",\"url\":\"https:\/\/www.grandperspective.de\/de\/\",\"name\":\"GRANDPERSPECTIVE DE\",\"description\":\"Detecting gas leaks from the distance\",\"publisher\":{\"@id\":\"https:\/\/www.grandperspective.de\/de\/#organization\"},\"potentialAction\":[{\"@type\":\"SearchAction\",\"target\":{\"@type\":\"EntryPoint\",\"urlTemplate\":\"https:\/\/www.grandperspective.de\/de\/?s={search_term_string}\"},\"query-input\":{\"@type\":\"PropertyValueSpecification\",\"valueRequired\":true,\"valueName\":\"search_term_string\"}}],\"inLanguage\":\"de\"},{\"@type\":\"Organization\",\"@id\":\"https:\/\/www.grandperspective.de\/de\/#organization\",\"name\":\"Grandperspective\",\"url\":\"https:\/\/www.grandperspective.de\/de\/\",\"logo\":{\"@type\":\"ImageObject\",\"inLanguage\":\"de\",\"@id\":\"https:\/\/www.grandperspective.de\/de\/#\/schema\/logo\/image\/\",\"url\":\"https:\/\/www.grandperspective.de\/de\/wp-content\/uploads\/sites\/2\/2021\/03\/GP_Logo_5.5-Monogram_Digital_RGB_whiteBG_small.png\",\"contentUrl\":\"https:\/\/www.grandperspective.de\/de\/wp-content\/uploads\/sites\/2\/2021\/03\/GP_Logo_5.5-Monogram_Digital_RGB_whiteBG_small.png\",\"width\":280,\"height\":280,\"caption\":\"Grandperspective\"},\"image\":{\"@id\":\"https:\/\/www.grandperspective.de\/de\/#\/schema\/logo\/image\/\"},\"sameAs\":[\"https:\/\/www.linkedin.com\/company\/grandperspective-gmbh\/\",\"https:\/\/www.youtube.com\/channel\/UCOR4Eh3SLHwr58wZW8fRpbg\"]}]}<\/script>\n<!-- \/ Yoast SEO plugin. -->","yoast_head_json":{"title":"Chemische Industrie &#8226; GRANDPERSPECTIVE DE","robots":{"index":"index","follow":"follow","max-snippet":"max-snippet:-1","max-image-preview":"max-image-preview:large","max-video-preview":"max-video-preview:-1"},"canonical":"https:\/\/www.grandperspective.de\/de\/anwendungsfelder\/chemische-industrie\/","og_locale":"de_DE","og_type":"article","og_title":"Chemische Industrie &#8226; GRANDPERSPECTIVE DE","og_description":"Diescanfeld\u00ae Fr\u00fchwarnl\u00f6sung nutzt eine passive bildgebende Technologie der optischen Fernerkundung. Mit Hilfe von FTIR-Spektroskopie erkennt und identifiziert sie \u00fcber 400 verschiedene chemische Verbindungen, zum Beispiel Ammoniak oder Methan. Die Nachweisempfindlichkeit ist sehr hoch, jedoch substanzabh\u00e4ngig. Bei einer ca. 10 m gro\u00dfen Ammoniakwolke unter normalen Umgebungsbedingungen und in 1 km Entfernung liegt die Nachweisgrenze bei 4... View Article","og_url":"https:\/\/www.grandperspective.de\/de\/anwendungsfelder\/chemische-industrie\/","og_site_name":"GRANDPERSPECTIVE DE","article_modified_time":"2023-04-18T09:25:16+00:00","og_image":[{"width":1915,"height":2874,"url":"https:\/\/www.grandperspective.de\/de\/wp-content\/uploads\/sites\/2\/2021\/04\/scanfeld-looking-down.jpg","type":"image\/jpeg"}],"twitter_card":"summary_large_image","twitter_misc":{"Gesch\u00e4tzte Lesezeit":"2\u00a0Minuten"},"schema":{"@context":"https:\/\/schema.org","@graph":[{"@type":"WebPage","@id":"https:\/\/www.grandperspective.de\/de\/anwendungsfelder\/chemische-industrie\/","url":"https:\/\/www.grandperspective.de\/de\/anwendungsfelder\/chemische-industrie\/","name":"Chemische Industrie &#8226; GRANDPERSPECTIVE DE","isPartOf":{"@id":"https:\/\/www.grandperspective.de\/de\/#website"},"primaryImageOfPage":{"@id":"https:\/\/www.grandperspective.de\/de\/anwendungsfelder\/chemische-industrie\/#primaryimage"},"image":{"@id":"https:\/\/www.grandperspective.de\/de\/anwendungsfelder\/chemische-industrie\/#primaryimage"},"thumbnailUrl":"https:\/\/www.grandperspective.de\/de\/wp-content\/uploads\/sites\/2\/2021\/04\/scanfeld-looking-down.jpg","datePublished":"2021-04-21T12:20:48+00:00","dateModified":"2023-04-18T09:25:16+00:00","breadcrumb":{"@id":"https:\/\/www.grandperspective.de\/de\/anwendungsfelder\/chemische-industrie\/#breadcrumb"},"inLanguage":"de","potentialAction":[{"@type":"ReadAction","target":["https:\/\/www.grandperspective.de\/de\/anwendungsfelder\/chemische-industrie\/"]}]},{"@type":"ImageObject","inLanguage":"de","@id":"https:\/\/www.grandperspective.de\/de\/anwendungsfelder\/chemische-industrie\/#primaryimage","url":"https:\/\/www.grandperspective.de\/de\/wp-content\/uploads\/sites\/2\/2021\/04\/scanfeld-looking-down.jpg","contentUrl":"https:\/\/www.grandperspective.de\/de\/wp-content\/uploads\/sites\/2\/2021\/04\/scanfeld-looking-down.jpg","width":1915,"height":2874,"caption":"scanfeld looking down - applications in chemical industry"},{"@type":"BreadcrumbList","@id":"https:\/\/www.grandperspective.de\/de\/anwendungsfelder\/chemische-industrie\/#breadcrumb","itemListElement":[{"@type":"ListItem","position":1,"name":"Startseite","item":"https:\/\/www.grandperspective.de\/de\/"},{"@type":"ListItem","position":2,"name":"scanfeld\u00ae Branchen und Anwendungen","item":"https:\/\/www.grandperspective.de\/de\/anwendungsfelder\/"},{"@type":"ListItem","position":3,"name":"Chemische Industrie"}]},{"@type":"WebSite","@id":"https:\/\/www.grandperspective.de\/de\/#website","url":"https:\/\/www.grandperspective.de\/de\/","name":"GRANDPERSPECTIVE DE","description":"Detecting gas leaks from the distance","publisher":{"@id":"https:\/\/www.grandperspective.de\/de\/#organization"},"potentialAction":[{"@type":"SearchAction","target":{"@type":"EntryPoint","urlTemplate":"https:\/\/www.grandperspective.de\/de\/?s={search_term_string}"},"query-input":{"@type":"PropertyValueSpecification","valueRequired":true,"valueName":"search_term_string"}}],"inLanguage":"de"},{"@type":"Organization","@id":"https:\/\/www.grandperspective.de\/de\/#organization","name":"Grandperspective","url":"https:\/\/www.grandperspective.de\/de\/","logo":{"@type":"ImageObject","inLanguage":"de","@id":"https:\/\/www.grandperspective.de\/de\/#\/schema\/logo\/image\/","url":"https:\/\/www.grandperspective.de\/de\/wp-content\/uploads\/sites\/2\/2021\/03\/GP_Logo_5.5-Monogram_Digital_RGB_whiteBG_small.png","contentUrl":"https:\/\/www.grandperspective.de\/de\/wp-content\/uploads\/sites\/2\/2021\/03\/GP_Logo_5.5-Monogram_Digital_RGB_whiteBG_small.png","width":280,"height":280,"caption":"Grandperspective"},"image":{"@id":"https:\/\/www.grandperspective.de\/de\/#\/schema\/logo\/image\/"},"sameAs":["https:\/\/www.linkedin.com\/company\/grandperspective-gmbh\/","https:\/\/www.youtube.com\/channel\/UCOR4Eh3SLHwr58wZW8fRpbg"]}]}},"_links":{"self":[{"href":"https:\/\/www.grandperspective.de\/de\/wp-json\/wp\/v2\/pages\/587","targetHints":{"allow":["GET"]}}],"collection":[{"href":"https:\/\/www.grandperspective.de\/de\/wp-json\/wp\/v2\/pages"}],"about":[{"href":"https:\/\/www.grandperspective.de\/de\/wp-json\/wp\/v2\/types\/page"}],"author":[{"embeddable":true,"href":"https:\/\/www.grandperspective.de\/de\/wp-json\/wp\/v2\/users\/3"}],"replies":[{"embeddable":true,"href":"https:\/\/www.grandperspective.de\/de\/wp-json\/wp\/v2\/comments?post=587"}],"version-history":[{"count":10,"href":"https:\/\/www.grandperspective.de\/de\/wp-json\/wp\/v2\/pages\/587\/revisions"}],"predecessor-version":[{"id":1035,"href":"https:\/\/www.grandperspective.de\/de\/wp-json\/wp\/v2\/pages\/587\/revisions\/1035"}],"up":[{"embeddable":true,"href":"https:\/\/www.grandperspective.de\/de\/wp-json\/wp\/v2\/pages\/16"}],"wp:featuredmedia":[{"embeddable":true,"href":"https:\/\/www.grandperspective.de\/de\/wp-json\/wp\/v2\/media\/575"}],"wp:attachment":[{"href":"https:\/\/www.grandperspective.de\/de\/wp-json\/wp\/v2\/media?parent=587"}],"curies":[{"name":"wp","href":"https:\/\/api.w.org\/{rel}","templated":true}]}}