{"id":917,"date":"2022-05-12T17:05:39","date_gmt":"2022-05-12T15:05:39","guid":{"rendered":"https:\/\/www.grandperspective.de\/de\/?page_id=917"},"modified":"2024-09-10T12:24:31","modified_gmt":"2024-09-10T10:24:31","slug":"unterwegs","status":"publish","type":"page","link":"https:\/\/www.grandperspective.de\/de\/aktuelles\/unterwegs\/","title":{"rendered":"Unterwegs &#8230;"},"content":{"rendered":"\n<p class=\"has-large-font-size\">Konferenzen und Meetings<\/p>\n\n\n\n<figure class=\"wp-block-table is-style-stripes\"><table><tbody><tr><td><strong>Event<\/strong><\/td><td><strong>Location<\/strong><\/td><td><strong>Date<\/strong><\/td><td><strong>Stand<\/strong><\/td><\/tr><tr><td><a href=\"https:\/\/www.iptcnet.org\/\" target=\"_blank\" rel=\"noreferrer noopener\">International Petroleum Technology Conference (IPTC)<\/a><\/td><td>Dhahran, Saudi Arabien<\/td><td>12.-14. Februar 2024<\/td><td><\/td><\/tr><tr><td><a href=\"https:\/\/annual.arabfertilizer.org\/\" target=\"_blank\" rel=\"noreferrer noopener\">AFA Int\u2019l Annual Fertilizer Conference &amp; Exhibition<\/a><\/td><td>Kairo, \u00c4gypten<\/td><td>27.-29. Februar 2024<\/td><td><\/td><\/tr><tr><td><a href=\"https:\/\/events.crugroup.com\/nitrogenandsyngas\/home\" target=\"_blank\" rel=\"noreferrer noopener\">CRU Nitrogen + Syngas<\/a><\/td><td>G\u00f6teborg, Schweden<\/td><td>4.-6. M\u00e4rz 2024<\/td><td><\/td><\/tr><tr><td><a href=\"https:\/\/www.aiche.org\/conferences\/aiche-spring-meeting-and-global-congress-on-process-safety\/2024\" target=\"_blank\" rel=\"noreferrer noopener\">AIChe Spring Meeting and Global Congress on Process Safety<\/a><\/td><td>New Orleans, USA<\/td><td>24.-28. M\u00e4rz 2024<\/td><td><\/td><\/tr><tr><td><a href=\"https:\/\/www.4cconference.com\/\" target=\"_blank\" rel=\"noreferrer noopener\">4C Marketplace<\/a><\/td><td>Austin, USA<\/td><td>2.-5. April 2024<\/td><td><\/td><\/tr><tr><td><a href=\"https:\/\/www.eventbrite.sg\/e\/german-business-symposium-on-optics-tickets-853342800287\" target=\"_blank\" rel=\"noreferrer noopener\">German Business Symposium on Optics<\/a><\/td><td>Singapur<\/td><td>28. Mai 2024<\/td><td><\/td><\/tr><tr><td><a href=\"https:\/\/www.mwa.org.my\/events?pagedetail=956\" target=\"_blank\" rel=\"noreferrer noopener\">IC-ENSURES 2024<\/a><\/td><td>Kuala Lumpur, Malaysia<\/td><td>4.-5. Juni 2024<\/td><td><\/td><\/tr><tr><td><a href=\"https:\/\/meorga.de\/messen-2024\/24_Halle\/\" target=\"_blank\" rel=\"noreferrer noopener\">MEORGA<\/a><\/td><td>Halle (Saale)<\/td><td>5. Juni 2024<\/td><td><\/td><\/tr><tr><td><a href=\"https:\/\/www.achema.de\/de\/\" target=\"_blank\" rel=\"noreferrer noopener\">ACHEMA<\/a><\/td><td>Frankfurt\/Main<\/td><td>10.-14. Juni 2024<\/td><td><\/td><\/tr><tr><td><a href=\"https:\/\/www.aiche.org\/conferences\/process-development-symposium-europe\/2024\">AIChE Process Development Symposium Europe<\/a><\/td><td>Nancy, Frankreich<\/td><td>26.-28. Juni 2024<\/td><td><\/td><\/tr><tr><td><a href=\"https:\/\/www.getcongress.com\/\" target=\"_blank\" rel=\"noreferrer noopener\">Global Energy Transition Congress &amp; Exhibition (GET)<\/a><\/td><td>Mailand, Italien<\/td><td>1.-3. Juli 2024<\/td><td><\/td><\/tr><tr><td><a href=\"https:\/\/www.aiche.org\/conferences\/annual-safety-ammonia-plants-and-related-facilities-symposium\/2024\" target=\"_blank\" rel=\"noreferrer noopener\">AIChE Annual Safety in Ammonia Plants and Related Facilities Symposium<\/a><\/td><td>San Diego, USA<\/td><td>9.-12. September 2024<\/td><td><\/td><\/tr><tr><td><a href=\"https:\/\/www.gastechevent.com\/\" target=\"_blank\" rel=\"noreferrer noopener\">Gastech<\/a><\/td><td>Houston, USA<\/td><td>17.-20. September 2024<\/td><td><\/td><\/tr><tr><td><a href=\"https:\/\/an-na.org\" target=\"_blank\" rel=\"noreferrer noopener\">ANNA<\/a><\/td><td>Montreal, Kanada<\/td><td>29. September &#8211; 4. Oktober 2024<\/td><td><\/td><\/tr><tr><td><a href=\"https:\/\/www.gpca.org.ae\/events\/1st-gpca-process-safety-conference\/\" target=\"_blank\" rel=\"noreferrer noopener\">GPCA Process Safety Conference<\/a><\/td><td>Jubail, Saudi Arabien<\/td><td>7.-10. Oktober 2024<\/td><td><\/td><\/tr><tr><td><a href=\"https:\/\/automacongress.com\/\" target=\"_blank\" rel=\"noreferrer noopener\">AUTOMA Oil &amp; Gas Automation and Digitalisation Congress<\/a><\/td><td>D\u00fcsseldorf<\/td><td>14.-15. Oktober 2024<\/td><td><\/td><\/tr><tr><td><a href=\"https:\/\/www.aiche.org\/ccps\/conferences\/global-conference-on-process-safety-and-big-data\/2024?gad_source=1&amp;gclid=CjwKCAjw3P-2BhAEEiwA3yPhwMzzc3S3cbDwQpLRrcU6Sx6xNwnX2uoUmJucFEf_w-1_SWVi9oMifBoC89AQAvD_BwE\" target=\"_blank\" rel=\"noreferrer noopener\">AIChE Global Conference on Process Safety and Big Data<\/a><\/td><td>Frankfurt\/Main<\/td><td>29.-30. Oktober 2024<\/td><td><\/td><\/tr><\/tbody><\/table><\/figure>\n\n\n\n<p><\/p>\n","protected":false},"excerpt":{"rendered":"Konferenzen und Meetings Event Location Date Stand International Petroleum Technology Conference (IPTC) Dhahran, Saudi Arabien 12.-14. Februar 2024 AFA Int\u2019l Annual Fertilizer Conference &amp; Exhibition Kairo, \u00c4gypten 27.-29. Februar 2024 CRU Nitrogen + Syngas G\u00f6teborg, Schweden 4.-6. M\u00e4rz 2024 AIChe Spring Meeting and Global Congress on Process Safety New Orleans, USA 24.-28. M\u00e4rz 2024 4C&#8230; <a class=\"view-article\" href=\"https:\/\/www.grandperspective.de\/de\/aktuelles\/unterwegs\/\">View Article<\/a>","protected":false},"author":3,"featured_media":0,"parent":233,"menu_order":61,"comment_status":"closed","ping_status":"closed","template":"","meta":{"_acf_changed":false,"content-type":"","inline_featured_image":false,"footnotes":""},"class_list":["post-917","page","type-page","status-publish","hentry"],"acf":[],"yoast_head":"<!-- This site is optimized with the Yoast SEO plugin v27.4 - https:\/\/yoast.com\/product\/yoast-seo-wordpress\/ -->\n<title>Unterwegs ... &#8226; GRANDPERSPECTIVE DE<\/title>\n<meta name=\"description\" content=\"Wir nehmen an verschiedenen Konferenzen und Messen in unserer Branche teil. Wo wir genau sind, finden Sie hier heraus.\" \/>\n<meta name=\"robots\" content=\"index, follow, max-snippet:-1, max-image-preview:large, max-video-preview:-1\" \/>\n<link rel=\"canonical\" href=\"https:\/\/www.grandperspective.de\/de\/aktuelles\/unterwegs\/\" \/>\n<meta property=\"og:locale\" content=\"de_DE\" \/>\n<meta property=\"og:type\" content=\"article\" \/>\n<meta property=\"og:title\" content=\"Unterwegs ... &#8226; GRANDPERSPECTIVE DE\" \/>\n<meta property=\"og:description\" content=\"Wir nehmen an verschiedenen Konferenzen und Messen in unserer Branche teil. Wo wir genau sind, finden Sie hier heraus.\" \/>\n<meta property=\"og:url\" content=\"https:\/\/www.grandperspective.de\/de\/aktuelles\/unterwegs\/\" \/>\n<meta property=\"og:site_name\" content=\"GRANDPERSPECTIVE DE\" \/>\n<meta property=\"article:modified_time\" content=\"2024-09-10T10:24:31+00:00\" \/>\n<meta name=\"twitter:card\" content=\"summary_large_image\" \/>\n<meta name=\"twitter:label1\" content=\"Gesch\u00e4tzte Lesezeit\" \/>\n\t<meta name=\"twitter:data1\" content=\"1\u00a0Minute\" \/>\n<script type=\"application\/ld+json\" class=\"yoast-schema-graph\">{\"@context\":\"https:\\\/\\\/schema.org\",\"@graph\":[{\"@type\":\"WebPage\",\"@id\":\"https:\\\/\\\/www.grandperspective.de\\\/de\\\/aktuelles\\\/unterwegs\\\/\",\"url\":\"https:\\\/\\\/www.grandperspective.de\\\/de\\\/aktuelles\\\/unterwegs\\\/\",\"name\":\"Unterwegs ... &#8226; GRANDPERSPECTIVE DE\",\"isPartOf\":{\"@id\":\"https:\\\/\\\/www.grandperspective.de\\\/de\\\/#website\"},\"datePublished\":\"2022-05-12T15:05:39+00:00\",\"dateModified\":\"2024-09-10T10:24:31+00:00\",\"description\":\"Wir nehmen an verschiedenen Konferenzen und Messen in unserer Branche teil. Wo wir genau sind, finden Sie hier heraus.\",\"breadcrumb\":{\"@id\":\"https:\\\/\\\/www.grandperspective.de\\\/de\\\/aktuelles\\\/unterwegs\\\/#breadcrumb\"},\"inLanguage\":\"de\",\"potentialAction\":[{\"@type\":\"ReadAction\",\"target\":[\"https:\\\/\\\/www.grandperspective.de\\\/de\\\/aktuelles\\\/unterwegs\\\/\"]}]},{\"@type\":\"BreadcrumbList\",\"@id\":\"https:\\\/\\\/www.grandperspective.de\\\/de\\\/aktuelles\\\/unterwegs\\\/#breadcrumb\",\"itemListElement\":[{\"@type\":\"ListItem\",\"position\":1,\"name\":\"Startseite\",\"item\":\"https:\\\/\\\/www.grandperspective.de\\\/de\\\/\"},{\"@type\":\"ListItem\",\"position\":2,\"name\":\"Aktuelles\",\"item\":\"https:\\\/\\\/www.grandperspective.de\\\/de\\\/aktuelles\\\/\"},{\"@type\":\"ListItem\",\"position\":3,\"name\":\"Unterwegs &#8230;\"}]},{\"@type\":\"WebSite\",\"@id\":\"https:\\\/\\\/www.grandperspective.de\\\/de\\\/#website\",\"url\":\"https:\\\/\\\/www.grandperspective.de\\\/de\\\/\",\"name\":\"GRANDPERSPECTIVE DE\",\"description\":\"Detecting gas leaks from the distance\",\"publisher\":{\"@id\":\"https:\\\/\\\/www.grandperspective.de\\\/de\\\/#organization\"},\"potentialAction\":[{\"@type\":\"SearchAction\",\"target\":{\"@type\":\"EntryPoint\",\"urlTemplate\":\"https:\\\/\\\/www.grandperspective.de\\\/de\\\/?s={search_term_string}\"},\"query-input\":{\"@type\":\"PropertyValueSpecification\",\"valueRequired\":true,\"valueName\":\"search_term_string\"}}],\"inLanguage\":\"de\"},{\"@type\":\"Organization\",\"@id\":\"https:\\\/\\\/www.grandperspective.de\\\/de\\\/#organization\",\"name\":\"Grandperspective\",\"url\":\"https:\\\/\\\/www.grandperspective.de\\\/de\\\/\",\"logo\":{\"@type\":\"ImageObject\",\"inLanguage\":\"de\",\"@id\":\"https:\\\/\\\/www.grandperspective.de\\\/de\\\/#\\\/schema\\\/logo\\\/image\\\/\",\"url\":\"https:\\\/\\\/www.grandperspective.de\\\/de\\\/wp-content\\\/uploads\\\/sites\\\/2\\\/2021\\\/03\\\/GP_Logo_5.5-Monogram_Digital_RGB_whiteBG_small.png\",\"contentUrl\":\"https:\\\/\\\/www.grandperspective.de\\\/de\\\/wp-content\\\/uploads\\\/sites\\\/2\\\/2021\\\/03\\\/GP_Logo_5.5-Monogram_Digital_RGB_whiteBG_small.png\",\"width\":280,\"height\":280,\"caption\":\"Grandperspective\"},\"image\":{\"@id\":\"https:\\\/\\\/www.grandperspective.de\\\/de\\\/#\\\/schema\\\/logo\\\/image\\\/\"},\"sameAs\":[\"https:\\\/\\\/www.linkedin.com\\\/company\\\/grandperspective-gmbh\\\/\",\"https:\\\/\\\/www.youtube.com\\\/channel\\\/UCOR4Eh3SLHwr58wZW8fRpbg\"]}]}<\/script>\n<!-- \/ Yoast SEO plugin. -->","yoast_head_json":{"title":"Unterwegs ... &#8226; GRANDPERSPECTIVE DE","description":"Wir nehmen an verschiedenen Konferenzen und Messen in unserer Branche teil. Wo wir genau sind, finden Sie hier heraus.","robots":{"index":"index","follow":"follow","max-snippet":"max-snippet:-1","max-image-preview":"max-image-preview:large","max-video-preview":"max-video-preview:-1"},"canonical":"https:\/\/www.grandperspective.de\/de\/aktuelles\/unterwegs\/","og_locale":"de_DE","og_type":"article","og_title":"Unterwegs ... &#8226; GRANDPERSPECTIVE DE","og_description":"Wir nehmen an verschiedenen Konferenzen und Messen in unserer Branche teil. Wo wir genau sind, finden Sie hier heraus.","og_url":"https:\/\/www.grandperspective.de\/de\/aktuelles\/unterwegs\/","og_site_name":"GRANDPERSPECTIVE DE","article_modified_time":"2024-09-10T10:24:31+00:00","twitter_card":"summary_large_image","twitter_misc":{"Gesch\u00e4tzte Lesezeit":"1\u00a0Minute"},"schema":{"@context":"https:\/\/schema.org","@graph":[{"@type":"WebPage","@id":"https:\/\/www.grandperspective.de\/de\/aktuelles\/unterwegs\/","url":"https:\/\/www.grandperspective.de\/de\/aktuelles\/unterwegs\/","name":"Unterwegs ... &#8226; GRANDPERSPECTIVE DE","isPartOf":{"@id":"https:\/\/www.grandperspective.de\/de\/#website"},"datePublished":"2022-05-12T15:05:39+00:00","dateModified":"2024-09-10T10:24:31+00:00","description":"Wir nehmen an verschiedenen Konferenzen und Messen in unserer Branche teil. Wo wir genau sind, finden Sie hier heraus.","breadcrumb":{"@id":"https:\/\/www.grandperspective.de\/de\/aktuelles\/unterwegs\/#breadcrumb"},"inLanguage":"de","potentialAction":[{"@type":"ReadAction","target":["https:\/\/www.grandperspective.de\/de\/aktuelles\/unterwegs\/"]}]},{"@type":"BreadcrumbList","@id":"https:\/\/www.grandperspective.de\/de\/aktuelles\/unterwegs\/#breadcrumb","itemListElement":[{"@type":"ListItem","position":1,"name":"Startseite","item":"https:\/\/www.grandperspective.de\/de\/"},{"@type":"ListItem","position":2,"name":"Aktuelles","item":"https:\/\/www.grandperspective.de\/de\/aktuelles\/"},{"@type":"ListItem","position":3,"name":"Unterwegs &#8230;"}]},{"@type":"WebSite","@id":"https:\/\/www.grandperspective.de\/de\/#website","url":"https:\/\/www.grandperspective.de\/de\/","name":"GRANDPERSPECTIVE DE","description":"Detecting gas leaks from the distance","publisher":{"@id":"https:\/\/www.grandperspective.de\/de\/#organization"},"potentialAction":[{"@type":"SearchAction","target":{"@type":"EntryPoint","urlTemplate":"https:\/\/www.grandperspective.de\/de\/?s={search_term_string}"},"query-input":{"@type":"PropertyValueSpecification","valueRequired":true,"valueName":"search_term_string"}}],"inLanguage":"de"},{"@type":"Organization","@id":"https:\/\/www.grandperspective.de\/de\/#organization","name":"Grandperspective","url":"https:\/\/www.grandperspective.de\/de\/","logo":{"@type":"ImageObject","inLanguage":"de","@id":"https:\/\/www.grandperspective.de\/de\/#\/schema\/logo\/image\/","url":"https:\/\/www.grandperspective.de\/de\/wp-content\/uploads\/sites\/2\/2021\/03\/GP_Logo_5.5-Monogram_Digital_RGB_whiteBG_small.png","contentUrl":"https:\/\/www.grandperspective.de\/de\/wp-content\/uploads\/sites\/2\/2021\/03\/GP_Logo_5.5-Monogram_Digital_RGB_whiteBG_small.png","width":280,"height":280,"caption":"Grandperspective"},"image":{"@id":"https:\/\/www.grandperspective.de\/de\/#\/schema\/logo\/image\/"},"sameAs":["https:\/\/www.linkedin.com\/company\/grandperspective-gmbh\/","https:\/\/www.youtube.com\/channel\/UCOR4Eh3SLHwr58wZW8fRpbg"]}]}},"_links":{"self":[{"href":"https:\/\/www.grandperspective.de\/de\/wp-json\/wp\/v2\/pages\/917","targetHints":{"allow":["GET"]}}],"collection":[{"href":"https:\/\/www.grandperspective.de\/de\/wp-json\/wp\/v2\/pages"}],"about":[{"href":"https:\/\/www.grandperspective.de\/de\/wp-json\/wp\/v2\/types\/page"}],"author":[{"embeddable":true,"href":"https:\/\/www.grandperspective.de\/de\/wp-json\/wp\/v2\/users\/3"}],"replies":[{"embeddable":true,"href":"https:\/\/www.grandperspective.de\/de\/wp-json\/wp\/v2\/comments?post=917"}],"version-history":[{"count":28,"href":"https:\/\/www.grandperspective.de\/de\/wp-json\/wp\/v2\/pages\/917\/revisions"}],"predecessor-version":[{"id":1500,"href":"https:\/\/www.grandperspective.de\/de\/wp-json\/wp\/v2\/pages\/917\/revisions\/1500"}],"up":[{"embeddable":true,"href":"https:\/\/www.grandperspective.de\/de\/wp-json\/wp\/v2\/pages\/233"}],"wp:attachment":[{"href":"https:\/\/www.grandperspective.de\/de\/wp-json\/wp\/v2\/media?parent=917"}],"curies":[{"name":"wp","href":"https:\/\/api.w.org\/{rel}","templated":true}]}}